{"id":44515,"date":"2025-10-09T09:03:30","date_gmt":"2025-10-09T13:03:30","guid":{"rendered":"https:\/\/taste-it.ca\/boutique\/non class\u00e9\/holiblaze-limited-edition-candle-par-smoke-odor-exterminator\/"},"modified":"2025-10-09T09:03:30","modified_gmt":"2025-10-09T13:03:30","slug":"holiblaze-limited-edition-candle-par-smoke-odor-exterminator","status":"publish","type":"product","link":"https:\/\/taste-it.ca\/fr\/product\/holiblaze-limited-edition-candle-par-smoke-odor-exterminator\/","title":{"rendered":"Holiblaze Limited Edition Candle par Smoke Odor Exterminator"},"content":{"rendered":"<p>Une d\u00e9licieuse exp\u00e9rience saisonni\u00e8re avec son m\u00e9lange terreux et \u00e9pic\u00e9 de baie, d\u2019eucalyptus, de bois de c\u00e8dre et de clou de girofle, cr\u00e9ant une atmosph\u00e8re chaleureuse et invitante parfaite pour les vacances.<\/p>\n<p>Les tuyaux sont des bougies \u00e0 base d&rsquo;enzymes qui attaquent et d\u00e9composent parfaitement les odeurs d\u00e9sagr\u00e9ables, allant des cigarettes, pipes, cigares, animaux domestiques \u00e0 d&rsquo;autres odeurs domestiques.<\/p>\n<p><strong>Caract\u00e9ristiques<\/strong><\/p>\n<ul>\n<li>Id\u00e9al pour \u00e9liminer la fum\u00e9e ind\u00e9sirable des cigarettes, pipes, cigares, animaux domestiques, etc\u2026<\/li>\n<li>Parfum : Canneberge sucr\u00e9e<\/li>\n<li>Notes parfum\u00e9es : Acidul\u00e9e, sucr\u00e9e, \u00e9pic\u00e9e<\/li>\n<li>Formul\u00e9 enzymatique<\/li>\n<li>Dur\u00e9e de combustion : jusqu&rsquo;\u00e0 70 heures<\/li>\n<li>Poids : 13 oz<\/li>\n<\/ul>\n","protected":false},"excerpt":{"rendered":"<p>Une d\u00e9licieuse exp\u00e9rience saisonni\u00e8re avec son m\u00e9lange terreux et \u00e9pic\u00e9 de baie, d\u2019eucalyptus, de bois de c\u00e8dre et de clou de girofle, cr\u00e9ant une atmosph\u00e8re chaleureuse et invitante parfaite pour les vacances.<\/p>\n","protected":false},"featured_media":43508,"comment_status":"open","ping_status":"closed","template":"","meta":[],"product_brand":[],"product_cat":[2172],"product_tag":[2211,3141,3140,2588],"class_list":{"0":"post-44515","1":"product","2":"type-product","3":"status-publish","4":"has-post-thumbnail","6":"product_cat-non-categorise","7":"product_tag-baies","8":"product_tag-cedre","9":"product_tag-clou-de-girofle-fr","10":"product_tag-eucalyptus-fr","11":"yith_product_brand-smoke-odor-fr","13":"first","14":"onbackorder","15":"taxable","16":"shipping-taxable","17":"purchasable","18":"product-type-simple"},"_links":{"self":[{"href":"https:\/\/taste-it.ca\/fr\/wp-json\/wp\/v2\/product\/44515","targetHints":{"allow":["GET"]}}],"collection":[{"href":"https:\/\/taste-it.ca\/fr\/wp-json\/wp\/v2\/product"}],"about":[{"href":"https:\/\/taste-it.ca\/fr\/wp-json\/wp\/v2\/types\/product"}],"replies":[{"embeddable":true,"href":"https:\/\/taste-it.ca\/fr\/wp-json\/wp\/v2\/comments?post=44515"}],"wp:featuredmedia":[{"embeddable":true,"href":"https:\/\/taste-it.ca\/fr\/wp-json\/wp\/v2\/media\/43508"}],"wp:attachment":[{"href":"https:\/\/taste-it.ca\/fr\/wp-json\/wp\/v2\/media?parent=44515"}],"wp:term":[{"taxonomy":"product_brand","embeddable":true,"href":"https:\/\/taste-it.ca\/fr\/wp-json\/wp\/v2\/product_brand?post=44515"},{"taxonomy":"product_cat","embeddable":true,"href":"https:\/\/taste-it.ca\/fr\/wp-json\/wp\/v2\/product_cat?post=44515"},{"taxonomy":"product_tag","embeddable":true,"href":"https:\/\/taste-it.ca\/fr\/wp-json\/wp\/v2\/product_tag?post=44515"}],"curies":[{"name":"wp","href":"https:\/\/api.w.org\/{rel}","templated":true}]}}