{"id":44508,"date":"2025-10-09T10:22:27","date_gmt":"2025-10-09T14:22:27","guid":{"rendered":"https:\/\/taste-it.ca\/boutique\/non class\u00e9\/hemp-wraps-pre-rolled-cones-2-pck-blueberry-par-cyclones\/"},"modified":"2025-12-04T19:51:29","modified_gmt":"2025-12-05T00:51:29","slug":"hemp-wraps-pre-rolled-cones-2-pck-blueberry-par-cyclones","status":"publish","type":"product","link":"https:\/\/taste-it.ca\/fr\/product\/hemp-wraps-pre-rolled-cones-2-pck-blueberry-par-cyclones\/","title":{"rendered":"Hemp Wraps Pre-Rolled Cones (2\/PCK) Blueberry par Cyclones"},"content":{"rendered":"<p>Les c\u00f4nes pr\u00e9-roul\u00e9s en chanvre \u00e0 saveur de bleuet de Cyclones sont fabriqu\u00e9s \u00e0 partir de chanvre grill\u00e9 naturel pur sans tabac ni nicotine. Chaque c\u00f4ne a une pointe de filtre int\u00e9gr\u00e9e pour emp\u00eacher la fum\u00e9e de s&rsquo;\u00e9chapper. Ces c\u00f4nes enti\u00e8rement naturels et v\u00e9g\u00e9taliens sont \u00e9galement scell\u00e9s individuellement pour plus de fra\u00eecheur.<\/p>\n<p><strong>Fonctionnalit\u00e9s:<\/strong><\/p>\n<ul>\n<li>Saveur bleuet<\/li>\n<li>Tout chanvre naturel<\/li>\n<li>Ar\u00f4me naturel pur<\/li>\n<li>Sans tabac ni nicotine<\/li>\n<li>Tube refermable<\/li>\n<li>2 c\u00f4nes \/ paquet<\/li>\n<\/ul>\n","protected":false},"excerpt":{"rendered":"<p>Les c\u00f4nes pr\u00e9-roul\u00e9s en chanvre \u00e0 saveur de bleuet de Cyclones sont fabriqu\u00e9s \u00e0 partir de chanvre grill\u00e9 naturel pur sans tabac ni nicotine.<\/p>\n","protected":false},"featured_media":44030,"comment_status":"open","ping_status":"closed","template":"","meta":[],"product_brand":[],"product_cat":[2172],"product_tag":[2220],"class_list":{"0":"post-44508","1":"product","2":"type-product","3":"status-publish","4":"has-post-thumbnail","6":"product_cat-non-categorise","7":"product_tag-myrtille","8":"yith_product_brand-cyclone-fr","10":"first","11":"instock","12":"taxable","13":"shipping-taxable","14":"purchasable","15":"product-type-simple"},"_links":{"self":[{"href":"https:\/\/taste-it.ca\/fr\/wp-json\/wp\/v2\/product\/44508","targetHints":{"allow":["GET"]}}],"collection":[{"href":"https:\/\/taste-it.ca\/fr\/wp-json\/wp\/v2\/product"}],"about":[{"href":"https:\/\/taste-it.ca\/fr\/wp-json\/wp\/v2\/types\/product"}],"replies":[{"embeddable":true,"href":"https:\/\/taste-it.ca\/fr\/wp-json\/wp\/v2\/comments?post=44508"}],"wp:featuredmedia":[{"embeddable":true,"href":"https:\/\/taste-it.ca\/fr\/wp-json\/wp\/v2\/media\/44030"}],"wp:attachment":[{"href":"https:\/\/taste-it.ca\/fr\/wp-json\/wp\/v2\/media?parent=44508"}],"wp:term":[{"taxonomy":"product_brand","embeddable":true,"href":"https:\/\/taste-it.ca\/fr\/wp-json\/wp\/v2\/product_brand?post=44508"},{"taxonomy":"product_cat","embeddable":true,"href":"https:\/\/taste-it.ca\/fr\/wp-json\/wp\/v2\/product_cat?post=44508"},{"taxonomy":"product_tag","embeddable":true,"href":"https:\/\/taste-it.ca\/fr\/wp-json\/wp\/v2\/product_tag?post=44508"}],"curies":[{"name":"wp","href":"https:\/\/api.w.org\/{rel}","templated":true}]}}