{"id":44507,"date":"2025-10-09T09:03:29","date_gmt":"2025-10-09T13:03:29","guid":{"rendered":"https:\/\/taste-it.ca\/boutique\/non class\u00e9\/hemp-wraps-105-mm-2-pck-natural-par-juicy-jays\/"},"modified":"2025-10-09T09:03:29","modified_gmt":"2025-10-09T13:03:29","slug":"hemp-wraps-105-mm-2-pck-natural-par-juicy-jays","status":"publish","type":"product","link":"https:\/\/taste-it.ca\/fr\/product\/hemp-wraps-105-mm-2-pck-natural-par-juicy-jays\/","title":{"rendered":"Hemp Wraps 105 mm (2\/PCK) Natural par Juicy Jay&rsquo;s"},"content":{"rendered":"<p>Les enveloppes de chanvre naturel de Juicy Jay sont faites de chanvre naturel pur \u00e0 100 %, sans tabac ni nicotine. Les wraps disposent d&rsquo;un syst\u00e8me de triple trempage pour garantir des blunts savoureux et un joint extra-serr\u00e9 pour maintenir la fra\u00eecheur.<\/p>\n<p><strong>Fonctionnalit\u00e9s<\/strong><\/p>\n<ul>\n<li>\u2013 Syst\u00e8me de saveur triple trempette<\/li>\n<li>\u2013 100% pur chanvre naturel<\/li>\n<li>\u2013 V\u00e9g\u00e9talien<\/li>\n<li>\u2013 Sans tabac ni nicotine<\/li>\n<li>\u2013 Longueur : 105mm<\/li>\n<li>\u2013 2 wraps \/ paquet<\/li>\n<\/ul>\n","protected":false},"excerpt":{"rendered":"<p>Les enveloppes de chanvre naturel de Juicy Jay sont faites de chanvre naturel pur \u00e0 100 %, sans tabac ni nicotine.<\/p>\n","protected":false},"featured_media":43504,"comment_status":"open","ping_status":"closed","template":"","meta":[],"product_brand":[],"product_cat":[2172],"product_tag":[],"class_list":{"0":"post-44507","1":"product","2":"type-product","3":"status-publish","4":"has-post-thumbnail","6":"product_cat-non-categorise","7":"yith_product_brand-juicy-jays-fr","9":"first","10":"instock","11":"taxable","12":"shipping-taxable","13":"purchasable","14":"product-type-simple"},"_links":{"self":[{"href":"https:\/\/taste-it.ca\/fr\/wp-json\/wp\/v2\/product\/44507","targetHints":{"allow":["GET"]}}],"collection":[{"href":"https:\/\/taste-it.ca\/fr\/wp-json\/wp\/v2\/product"}],"about":[{"href":"https:\/\/taste-it.ca\/fr\/wp-json\/wp\/v2\/types\/product"}],"replies":[{"embeddable":true,"href":"https:\/\/taste-it.ca\/fr\/wp-json\/wp\/v2\/comments?post=44507"}],"wp:featuredmedia":[{"embeddable":true,"href":"https:\/\/taste-it.ca\/fr\/wp-json\/wp\/v2\/media\/43504"}],"wp:attachment":[{"href":"https:\/\/taste-it.ca\/fr\/wp-json\/wp\/v2\/media?parent=44507"}],"wp:term":[{"taxonomy":"product_brand","embeddable":true,"href":"https:\/\/taste-it.ca\/fr\/wp-json\/wp\/v2\/product_brand?post=44507"},{"taxonomy":"product_cat","embeddable":true,"href":"https:\/\/taste-it.ca\/fr\/wp-json\/wp\/v2\/product_cat?post=44507"},{"taxonomy":"product_tag","embeddable":true,"href":"https:\/\/taste-it.ca\/fr\/wp-json\/wp\/v2\/product_tag?post=44507"}],"curies":[{"name":"wp","href":"https:\/\/api.w.org\/{rel}","templated":true}]}}