{"id":44506,"date":"2025-10-09T09:03:29","date_gmt":"2025-10-09T13:03:29","guid":{"rendered":"https:\/\/taste-it.ca\/boutique\/non class\u00e9\/hemp-wick-20-ft-par-raw\/"},"modified":"2025-10-09T09:03:29","modified_gmt":"2025-10-09T13:03:29","slug":"hemp-wick-20-ft-par-raw","status":"publish","type":"product","link":"https:\/\/taste-it.ca\/fr\/product\/hemp-wick-20-ft-par-raw\/","title":{"rendered":"Hemp Wick 20 ft par RAW"},"content":{"rendered":"<p>La m\u00e8che de chanvre RAW 10 pieds est une alternative naturelle aux briquets au butane et aux allumettes. Chaque rouleau de 20 pieds est fait \u00e0 la main \u00e0 partir de chanvre 100 % naturel recouvert de cire d&rsquo;abeille de haute qualit\u00e9 pour une combustion uniforme et constante.<\/p>\n<p><strong>Caract\u00e9ristiques<\/strong><\/p>\n<ul>\n<li>\u2013 100% chanvre naturel<\/li>\n<li>\u2013 Couverture en cire d&rsquo;abeille<\/li>\n<li>&#8211; Fait main<\/li>\n<li>\u2013 Longueur : 20 pi \/ 6 m<\/li>\n<\/ul>\n","protected":false},"excerpt":{"rendered":"<p>Chaque rouleau de 20 pieds est fait \u00e0 la main \u00e0 partir de chanvre 100 % naturel recouvert de cire d&rsquo;abeille de haute qualit\u00e9 pour une combustion uniforme et constante.<\/p>\n","protected":false},"featured_media":43606,"comment_status":"open","ping_status":"closed","template":"","meta":[],"product_brand":[],"product_cat":[2172],"product_tag":[],"class_list":{"0":"post-44506","1":"product","2":"type-product","3":"status-publish","4":"has-post-thumbnail","6":"product_cat-non-categorise","7":"yith_product_brand-raw-fr","9":"first","10":"instock","11":"taxable","12":"shipping-taxable","13":"purchasable","14":"product-type-simple"},"_links":{"self":[{"href":"https:\/\/taste-it.ca\/fr\/wp-json\/wp\/v2\/product\/44506","targetHints":{"allow":["GET"]}}],"collection":[{"href":"https:\/\/taste-it.ca\/fr\/wp-json\/wp\/v2\/product"}],"about":[{"href":"https:\/\/taste-it.ca\/fr\/wp-json\/wp\/v2\/types\/product"}],"replies":[{"embeddable":true,"href":"https:\/\/taste-it.ca\/fr\/wp-json\/wp\/v2\/comments?post=44506"}],"wp:featuredmedia":[{"embeddable":true,"href":"https:\/\/taste-it.ca\/fr\/wp-json\/wp\/v2\/media\/43606"}],"wp:attachment":[{"href":"https:\/\/taste-it.ca\/fr\/wp-json\/wp\/v2\/media?parent=44506"}],"wp:term":[{"taxonomy":"product_brand","embeddable":true,"href":"https:\/\/taste-it.ca\/fr\/wp-json\/wp\/v2\/product_brand?post=44506"},{"taxonomy":"product_cat","embeddable":true,"href":"https:\/\/taste-it.ca\/fr\/wp-json\/wp\/v2\/product_cat?post=44506"},{"taxonomy":"product_tag","embeddable":true,"href":"https:\/\/taste-it.ca\/fr\/wp-json\/wp\/v2\/product_tag?post=44506"}],"curies":[{"name":"wp","href":"https:\/\/api.w.org\/{rel}","templated":true}]}}