{"id":44504,"date":"2025-10-09T09:03:29","date_gmt":"2025-10-09T13:03:29","guid":{"rendered":"https:\/\/taste-it.ca\/boutique\/non class\u00e9\/hemp-rolling-papers-and-tips-king-size-par-king-palm\/"},"modified":"2025-10-09T09:03:29","modified_gmt":"2025-10-09T13:03:29","slug":"hemp-rolling-papers-and-tips-king-size-par-king-palm","status":"publish","type":"product","link":"https:\/\/taste-it.ca\/fr\/product\/hemp-rolling-papers-and-tips-king-size-par-king-palm\/","title":{"rendered":"Hemp Rolling Papers and Tips, King Size par King Palm"},"content":{"rendered":"<p>Chaque livret est emball\u00e9 avec 32 feuilles et 32 embouts en papier non roul\u00e9s. Roulez un embout, puis roulez la cigarette \u00e0 la main ou utilisez une machine \u00e0 rouler pour un rouleau plus uniforme. Chaque livret est \u00e9quip\u00e9 d&rsquo;un aimant sur le rabat pour le maintenir fermement ferm\u00e9 et prot\u00e9ger les feuilles entre chaque utilisation.<\/p>\n<p><strong>Caract\u00e9ristiques<\/strong><\/p>\n<ul>\n<li>Saveur naturelle<\/li>\n<li>Fabriqu\u00e9 \u00e0 partir de 100 % de fibres de chanvre<\/li>\n<li>Peut contenir jusqu&rsquo;\u00e0 1,25 g<\/li>\n<li>32 feuilles par paquet<\/li>\n<\/ul>\n","protected":false},"excerpt":{"rendered":"<p>Chaque livret est garni de 40 feuilles et de 40 embouts en papier non roul\u00e9s.<\/p>\n","protected":false},"featured_media":43520,"comment_status":"open","ping_status":"closed","template":"","meta":[],"product_brand":[],"product_cat":[2172],"product_tag":[],"class_list":{"0":"post-44504","1":"product","2":"type-product","3":"status-publish","4":"has-post-thumbnail","6":"product_cat-non-categorise","7":"yith_product_brand-king-palm-fr","9":"first","10":"instock","11":"taxable","12":"shipping-taxable","13":"purchasable","14":"product-type-simple"},"_links":{"self":[{"href":"https:\/\/taste-it.ca\/fr\/wp-json\/wp\/v2\/product\/44504","targetHints":{"allow":["GET"]}}],"collection":[{"href":"https:\/\/taste-it.ca\/fr\/wp-json\/wp\/v2\/product"}],"about":[{"href":"https:\/\/taste-it.ca\/fr\/wp-json\/wp\/v2\/types\/product"}],"replies":[{"embeddable":true,"href":"https:\/\/taste-it.ca\/fr\/wp-json\/wp\/v2\/comments?post=44504"}],"wp:featuredmedia":[{"embeddable":true,"href":"https:\/\/taste-it.ca\/fr\/wp-json\/wp\/v2\/media\/43520"}],"wp:attachment":[{"href":"https:\/\/taste-it.ca\/fr\/wp-json\/wp\/v2\/media?parent=44504"}],"wp:term":[{"taxonomy":"product_brand","embeddable":true,"href":"https:\/\/taste-it.ca\/fr\/wp-json\/wp\/v2\/product_brand?post=44504"},{"taxonomy":"product_cat","embeddable":true,"href":"https:\/\/taste-it.ca\/fr\/wp-json\/wp\/v2\/product_cat?post=44504"},{"taxonomy":"product_tag","embeddable":true,"href":"https:\/\/taste-it.ca\/fr\/wp-json\/wp\/v2\/product_tag?post=44504"}],"curies":[{"name":"wp","href":"https:\/\/api.w.org\/{rel}","templated":true}]}}