{"id":44502,"date":"2025-10-09T09:02:42","date_gmt":"2025-10-09T13:02:42","guid":{"rendered":"https:\/\/taste-it.ca\/boutique\/non class\u00e9\/hemp-plastic-rolling-machine-70-mm-par-raw\/"},"modified":"2025-10-09T09:02:42","modified_gmt":"2025-10-09T13:02:42","slug":"hemp-plastic-rolling-machine-70-mm-par-raw","status":"publish","type":"product","link":"https:\/\/taste-it.ca\/fr\/product\/hemp-plastic-rolling-machine-70-mm-par-raw\/","title":{"rendered":"Hemp Plastic Rolling Machine, 70 mm par Raw"},"content":{"rendered":"<p>La machine \u00e0 rouler le plastique de chanvre RAW 70 mm est fabriqu\u00e9e \u00e0 partir de plastique composite de chanvre naturel, parfaite pour rouler les herbes dans la plupart des papiers larges simples. La machine offre aux novices et aux experts un moyen naturel et \u00e9cologique de rouler facilement leurs herbes pr\u00e9f\u00e9r\u00e9es.<\/p>\n<p><strong>Caract\u00e9ristiques<\/strong><\/p>\n<ul>\n<li>\u2013 Longueur du rouleau : 70 mm<\/li>\n<\/ul>\n","protected":false},"excerpt":{"rendered":"<p>La machine \u00e0 rouler le plastique de chanvre RAW 70 mm est fabriqu\u00e9e \u00e0 partir de plastique composite de chanvre naturel, parfaite pour rouler les herbes dans la plupart des papiers larges simples.<\/p>\n","protected":false},"featured_media":43626,"comment_status":"open","ping_status":"closed","template":"","meta":[],"product_brand":[],"product_cat":[2172],"product_tag":[],"class_list":{"0":"post-44502","1":"product","2":"type-product","3":"status-publish","4":"has-post-thumbnail","6":"product_cat-non-categorise","7":"yith_product_brand-raw-fr","9":"first","10":"instock","11":"taxable","12":"shipping-taxable","13":"purchasable","14":"product-type-simple"},"_links":{"self":[{"href":"https:\/\/taste-it.ca\/fr\/wp-json\/wp\/v2\/product\/44502","targetHints":{"allow":["GET"]}}],"collection":[{"href":"https:\/\/taste-it.ca\/fr\/wp-json\/wp\/v2\/product"}],"about":[{"href":"https:\/\/taste-it.ca\/fr\/wp-json\/wp\/v2\/types\/product"}],"replies":[{"embeddable":true,"href":"https:\/\/taste-it.ca\/fr\/wp-json\/wp\/v2\/comments?post=44502"}],"wp:featuredmedia":[{"embeddable":true,"href":"https:\/\/taste-it.ca\/fr\/wp-json\/wp\/v2\/media\/43626"}],"wp:attachment":[{"href":"https:\/\/taste-it.ca\/fr\/wp-json\/wp\/v2\/media?parent=44502"}],"wp:term":[{"taxonomy":"product_brand","embeddable":true,"href":"https:\/\/taste-it.ca\/fr\/wp-json\/wp\/v2\/product_brand?post=44502"},{"taxonomy":"product_cat","embeddable":true,"href":"https:\/\/taste-it.ca\/fr\/wp-json\/wp\/v2\/product_cat?post=44502"},{"taxonomy":"product_tag","embeddable":true,"href":"https:\/\/taste-it.ca\/fr\/wp-json\/wp\/v2\/product_tag?post=44502"}],"curies":[{"name":"wp","href":"https:\/\/api.w.org\/{rel}","templated":true}]}}