{"id":44499,"date":"2025-10-09T09:03:17","date_gmt":"2025-10-09T13:03:17","guid":{"rendered":"https:\/\/taste-it.ca\/boutique\/non%20class\u00e9\/happy-daze-candle-par-smoke-odor-exterminator\/"},"modified":"2025-10-15T14:53:16","modified_gmt":"2025-10-15T18:53:16","slug":"happy-daze-candle-par-smoke-odor-exterminator","status":"publish","type":"product","link":"https:\/\/taste-it.ca\/fr\/product\/happy-daze-candle-par-smoke-odor-exterminator\/","title":{"rendered":"Happy Daze Candle par Smoke Odor Exterminator"},"content":{"rendered":"<p>Les Bougies Exterminatrices d&rsquo;Odeur de Fum\u00e9e au parfum d&rsquo;\u00e9tourdissement heureux regorgent de fruit\u00e9 extrait d&rsquo;un doux m\u00e9lange de citron, mangue, p\u00eache, ananas, melon sauvage, bonbon \u00e0 la mandarine et vanille.<\/p>\n<p>Les tuyaux sont des bougies \u00e0 base d&rsquo;enzymes qui attaquent et d\u00e9composent parfaitement les odeurs d\u00e9sagr\u00e9ables, allant des cigarettes, pipes, cigares, animaux domestiques \u00e0 d&rsquo;autres odeurs domestiques.<\/p>\n<p><strong>Caract\u00e9ristiques<\/strong><\/p>\n<ul>\n<li>Id\u00e9al pour \u00e9liminer la fum\u00e9e ind\u00e9sirable des cigarettes, pipes, cigares, animaux domestiques, etc\u2026<\/li>\n<li>Odeur : \u00e9tourdissement heureux<\/li>\n<li>Notes parfum\u00e9es : fruit\u00e9es, douces, vibrantes<\/li>\n<li>Formul\u00e9 enzymatique<\/li>\n<li>Dur\u00e9e de combustion : jusqu&rsquo;\u00e0 70 heures<\/li>\n<li>Poids\u00a0: 13\u00a0oz<\/li>\n<\/ul>\n","protected":false},"excerpt":{"rendered":"<p>Les Bougies Exterminatrices d&rsquo;Odeur de Fum\u00e9e au parfum d&rsquo;\u00e9tourdissement heureux regorgent de fruit\u00e9 extrait d&rsquo;un doux m\u00e9lange de citron, mangue, p\u00eache, ananas, melon sauvage, bonbon \u00e0 la mandarine et vanille.<\/p>\n","protected":false},"featured_media":43396,"comment_status":"open","ping_status":"closed","template":"","meta":[],"product_brand":[],"product_cat":[2172],"product_tag":[2330,2450,2314,2618,2485,2663],"class_list":{"0":"post-44499","1":"product","2":"type-product","3":"status-publish","4":"has-post-thumbnail","6":"product_cat-non-categorise","7":"product_tag-ananas","8":"product_tag-citron","9":"product_tag-mangue","10":"product_tag-melon-sauvage","11":"product_tag-peche","12":"product_tag-vanilla-fr","13":"yith_product_brand-smoke-odor-fr","15":"first","16":"onbackorder","17":"taxable","18":"shipping-taxable","19":"purchasable","20":"product-type-simple"},"_links":{"self":[{"href":"https:\/\/taste-it.ca\/fr\/wp-json\/wp\/v2\/product\/44499","targetHints":{"allow":["GET"]}}],"collection":[{"href":"https:\/\/taste-it.ca\/fr\/wp-json\/wp\/v2\/product"}],"about":[{"href":"https:\/\/taste-it.ca\/fr\/wp-json\/wp\/v2\/types\/product"}],"replies":[{"embeddable":true,"href":"https:\/\/taste-it.ca\/fr\/wp-json\/wp\/v2\/comments?post=44499"}],"wp:featuredmedia":[{"embeddable":true,"href":"https:\/\/taste-it.ca\/fr\/wp-json\/wp\/v2\/media\/43396"}],"wp:attachment":[{"href":"https:\/\/taste-it.ca\/fr\/wp-json\/wp\/v2\/media?parent=44499"}],"wp:term":[{"taxonomy":"product_brand","embeddable":true,"href":"https:\/\/taste-it.ca\/fr\/wp-json\/wp\/v2\/product_brand?post=44499"},{"taxonomy":"product_cat","embeddable":true,"href":"https:\/\/taste-it.ca\/fr\/wp-json\/wp\/v2\/product_cat?post=44499"},{"taxonomy":"product_tag","embeddable":true,"href":"https:\/\/taste-it.ca\/fr\/wp-json\/wp\/v2\/product_tag?post=44499"}],"curies":[{"name":"wp","href":"https:\/\/api.w.org\/{rel}","templated":true}]}}