{"id":44498,"date":"2025-10-09T09:03:17","date_gmt":"2025-10-09T13:03:17","guid":{"rendered":"https:\/\/taste-it.ca\/boutique\/non%20class\u00e9\/half-baked-candle-par-smoke-odor-exterminator\/"},"modified":"2025-10-15T14:53:16","modified_gmt":"2025-10-15T18:53:16","slug":"half-baked-candle-par-smoke-odor-exterminator","status":"publish","type":"product","link":"https:\/\/taste-it.ca\/fr\/product\/half-baked-candle-par-smoke-odor-exterminator\/","title":{"rendered":"Half Baked Candle par Smoke Odor Exterminator"},"content":{"rendered":"<p>Les bougies anti-odeurs de fum\u00e9e au parfum de mi-cuit d\u00e9gagent le d\u00e9licieux ar\u00f4me de brownies au fudge chauds fra\u00eechement sortis du four, fabriqu\u00e9s \u00e0 partir d&rsquo;une combinaison chaude et gluante de fudge au chocolat noir, de p\u00e2te \u00e0 biscuits, de patchouli et de vanille douce.<\/p>\n<p>Les tuyaux sont des bougies \u00e0 base d&rsquo;enzymes qui attaquent et d\u00e9composent parfaitement les odeurs d\u00e9sagr\u00e9ables, allant des cigarettes, pipes, cigares, animaux domestiques \u00e0 d&rsquo;autres odeurs domestiques.<\/p>\n<p><strong>Caract\u00e9ristiques<\/strong><\/p>\n<ul>\n<li>Id\u00e9al pour \u00e9liminer la fum\u00e9e ind\u00e9sirable des cigarettes, pipes, cigares, animaux domestiques, etc\u2026<\/li>\n<li>Parfum : mi-cuit<\/li>\n<li>Notes parfum\u00e9es : douces, chocolat\u00e9es, cr\u00e9meuses<\/li>\n<li>Formul\u00e9 enzymatique<\/li>\n<li>Dur\u00e9e de combustion : jusqu&rsquo;\u00e0 70 heures<\/li>\n<li>Poids\u00a0: 13\u00a0oz<\/li>\n<\/ul>\n","protected":false},"excerpt":{"rendered":"<p>Les bougies anti-odeurs de fum\u00e9e au parfum de mi-cuit d\u00e9gagent le d\u00e9licieux ar\u00f4me de brownies au fudge chauds fra\u00eechement sortis du four, fabriqu\u00e9s \u00e0 partir d&rsquo;une combinaison chaude et gluante de fudge au chocolat noir, de p\u00e2te \u00e0 biscuits, de patchouli et de vanille douce.<\/p>\n","protected":false},"featured_media":43394,"comment_status":"open","ping_status":"closed","template":"","meta":[],"product_brand":[],"product_cat":[2172],"product_tag":[2373],"class_list":{"0":"post-44498","1":"product","2":"type-product","3":"status-publish","4":"has-post-thumbnail","6":"product_cat-non-categorise","7":"product_tag-chocolat","8":"yith_product_brand-smoke-odor-fr","10":"first","11":"onbackorder","12":"taxable","13":"shipping-taxable","14":"purchasable","15":"product-type-simple"},"_links":{"self":[{"href":"https:\/\/taste-it.ca\/fr\/wp-json\/wp\/v2\/product\/44498","targetHints":{"allow":["GET"]}}],"collection":[{"href":"https:\/\/taste-it.ca\/fr\/wp-json\/wp\/v2\/product"}],"about":[{"href":"https:\/\/taste-it.ca\/fr\/wp-json\/wp\/v2\/types\/product"}],"replies":[{"embeddable":true,"href":"https:\/\/taste-it.ca\/fr\/wp-json\/wp\/v2\/comments?post=44498"}],"wp:featuredmedia":[{"embeddable":true,"href":"https:\/\/taste-it.ca\/fr\/wp-json\/wp\/v2\/media\/43394"}],"wp:attachment":[{"href":"https:\/\/taste-it.ca\/fr\/wp-json\/wp\/v2\/media?parent=44498"}],"wp:term":[{"taxonomy":"product_brand","embeddable":true,"href":"https:\/\/taste-it.ca\/fr\/wp-json\/wp\/v2\/product_brand?post=44498"},{"taxonomy":"product_cat","embeddable":true,"href":"https:\/\/taste-it.ca\/fr\/wp-json\/wp\/v2\/product_cat?post=44498"},{"taxonomy":"product_tag","embeddable":true,"href":"https:\/\/taste-it.ca\/fr\/wp-json\/wp\/v2\/product_tag?post=44498"}],"curies":[{"name":"wp","href":"https:\/\/api.w.org\/{rel}","templated":true}]}}