{"id":44483,"date":"2025-10-09T09:03:16","date_gmt":"2025-10-09T13:03:16","guid":{"rendered":"https:\/\/taste-it.ca\/boutique\/non class\u00e9\/grape-juice-110-mm-slow-burn-hemp-wraps-4-pck-par-beamer\/"},"modified":"2025-10-09T09:03:16","modified_gmt":"2025-10-09T13:03:16","slug":"grape-juice-110-mm-slow-burn-hemp-wraps-4-pck-par-beamer","status":"publish","type":"product","link":"https:\/\/taste-it.ca\/fr\/product\/grape-juice-110-mm-slow-burn-hemp-wraps-4-pck-par-beamer\/","title":{"rendered":"Grape Juice 110 mm Slow Burn Hemp Wraps (4\/PCK) par Beamer"},"content":{"rendered":"<p>Les feuilles de chanvre Beamer 110 mm Slow Burn sont fabriqu\u00e9es \u00e0 partir de chanvre canadien de qualit\u00e9 sup\u00e9rieure, exempt de pesticides, d&rsquo;OGM, de chlore, d&rsquo;eau de Javel et de nicotine, offrant une exp\u00e9rience de fumage exceptionnellement douce et l\u00e9g\u00e8rement parfum\u00e9e. Saveur de raisin.<\/p>\n<p><strong>Caract\u00e9ristiques<\/strong><\/p>\n<ul>\n<li>Saveur Raisin<\/li>\n<li>Mat\u00e9riau : 100 % de fibres de chanvre<\/li>\n<li>Poids : 6,8 oz<\/li>\n<li>4 feuilles par paquet<\/li>\n<\/ul>\n","protected":false},"excerpt":{"rendered":"<p>Saveur de raisin.<\/p>\n","protected":false},"featured_media":43496,"comment_status":"open","ping_status":"closed","template":"","meta":[],"product_brand":[],"product_cat":[2172],"product_tag":[2392],"class_list":{"0":"post-44483","1":"product","2":"type-product","3":"status-publish","4":"has-post-thumbnail","6":"product_cat-non-categorise","7":"product_tag-raisin","8":"yith_product_brand-beamer-fr","10":"first","11":"instock","12":"taxable","13":"shipping-taxable","14":"purchasable","15":"product-type-simple"},"_links":{"self":[{"href":"https:\/\/taste-it.ca\/fr\/wp-json\/wp\/v2\/product\/44483","targetHints":{"allow":["GET"]}}],"collection":[{"href":"https:\/\/taste-it.ca\/fr\/wp-json\/wp\/v2\/product"}],"about":[{"href":"https:\/\/taste-it.ca\/fr\/wp-json\/wp\/v2\/types\/product"}],"replies":[{"embeddable":true,"href":"https:\/\/taste-it.ca\/fr\/wp-json\/wp\/v2\/comments?post=44483"}],"wp:featuredmedia":[{"embeddable":true,"href":"https:\/\/taste-it.ca\/fr\/wp-json\/wp\/v2\/media\/43496"}],"wp:attachment":[{"href":"https:\/\/taste-it.ca\/fr\/wp-json\/wp\/v2\/media?parent=44483"}],"wp:term":[{"taxonomy":"product_brand","embeddable":true,"href":"https:\/\/taste-it.ca\/fr\/wp-json\/wp\/v2\/product_brand?post=44483"},{"taxonomy":"product_cat","embeddable":true,"href":"https:\/\/taste-it.ca\/fr\/wp-json\/wp\/v2\/product_cat?post=44483"},{"taxonomy":"product_tag","embeddable":true,"href":"https:\/\/taste-it.ca\/fr\/wp-json\/wp\/v2\/product_tag?post=44483"}],"curies":[{"name":"wp","href":"https:\/\/api.w.org\/{rel}","templated":true}]}}