{"id":44440,"date":"2025-10-09T09:03:16","date_gmt":"2025-10-09T13:03:16","guid":{"rendered":"https:\/\/taste-it.ca\/boutique\/non class\u00e9\/gardenia-delight-limited-edition-candle-par-smoke-odor-exterminator\/"},"modified":"2025-10-09T09:03:16","modified_gmt":"2025-10-09T13:03:16","slug":"gardenia-delight-limited-edition-candle-par-smoke-odor-exterminator","status":"publish","type":"product","link":"https:\/\/taste-it.ca\/fr\/product\/gardenia-delight-limited-edition-candle-par-smoke-odor-exterminator\/","title":{"rendered":"Gardenia Delight Limited Edition Candle par Smoke Odor Exterminator"},"content":{"rendered":"<p>Les bougies Smoke Odor Exterminator parfum\u00e9es \u00e0 la Gardenia Delight r\u00e9pandent un doux parfum intemporel de fleurs fra\u00eeches qui emplit d\u00e9licatement l&rsquo;air de d\u00e9licatesse, de douceur et d&rsquo;exotisme.<\/p>\n<p>Ces bougies sont formul\u00e9es \u00e0 base d&rsquo;enzymes qui attaquent et d\u00e9composent parfaitement les mauvaises odeurs, qu&rsquo;il s&rsquo;agisse de cigarettes, de pipes, de cigares, d&rsquo;animaux de compagnie ou d&rsquo;autres odeurs domestiques.<\/p>\n<p><strong>Caract\u00e9ristiques<\/strong><\/p>\n<ul>\n<li>Id\u00e9al pour \u00e9liminer la fum\u00e9e ind\u00e9sirable des cigarettes, pipes, cigares, animaux domestiques, etc\u2026<\/li>\n<li>Parfum : Gardenia Delight<\/li>\n<li>Notes parfum\u00e9es : Floral, doux, tropical<\/li>\n<li>Formul\u00e9 enzymatique<\/li>\n<li>Dur\u00e9e de combustion : jusqu&rsquo;\u00e0 70 heures<\/li>\n<li>Poids : 13 oz<\/li>\n<\/ul>\n","protected":false},"excerpt":{"rendered":"<p>Les bougies Smoke Odor Exterminator parfum\u00e9es \u00e0 la Gardenia Delight r\u00e9pandent un doux parfum intemporel de fleurs fra\u00eeches qui emplit d\u00e9licatement l&rsquo;air de d\u00e9licatesse, de douceur et d&rsquo;exotisme.<\/p>\n","protected":false},"featured_media":43492,"comment_status":"open","ping_status":"closed","template":"","meta":[],"product_brand":[],"product_cat":[2172],"product_tag":[2355,3135],"class_list":{"0":"post-44440","1":"product","2":"type-product","3":"status-publish","4":"has-post-thumbnail","6":"product_cat-non-categorise","7":"product_tag-doux","8":"product_tag-fleur-sauvage","9":"yith_product_brand-smoke-odor-fr","11":"first","12":"onbackorder","13":"taxable","14":"shipping-taxable","15":"purchasable","16":"product-type-simple"},"_links":{"self":[{"href":"https:\/\/taste-it.ca\/fr\/wp-json\/wp\/v2\/product\/44440","targetHints":{"allow":["GET"]}}],"collection":[{"href":"https:\/\/taste-it.ca\/fr\/wp-json\/wp\/v2\/product"}],"about":[{"href":"https:\/\/taste-it.ca\/fr\/wp-json\/wp\/v2\/types\/product"}],"replies":[{"embeddable":true,"href":"https:\/\/taste-it.ca\/fr\/wp-json\/wp\/v2\/comments?post=44440"}],"wp:featuredmedia":[{"embeddable":true,"href":"https:\/\/taste-it.ca\/fr\/wp-json\/wp\/v2\/media\/43492"}],"wp:attachment":[{"href":"https:\/\/taste-it.ca\/fr\/wp-json\/wp\/v2\/media?parent=44440"}],"wp:term":[{"taxonomy":"product_brand","embeddable":true,"href":"https:\/\/taste-it.ca\/fr\/wp-json\/wp\/v2\/product_brand?post=44440"},{"taxonomy":"product_cat","embeddable":true,"href":"https:\/\/taste-it.ca\/fr\/wp-json\/wp\/v2\/product_cat?post=44440"},{"taxonomy":"product_tag","embeddable":true,"href":"https:\/\/taste-it.ca\/fr\/wp-json\/wp\/v2\/product_tag?post=44440"}],"curies":[{"name":"wp","href":"https:\/\/api.w.org\/{rel}","templated":true}]}}