{"id":44438,"date":"2025-10-09T09:03:16","date_gmt":"2025-10-09T13:03:16","guid":{"rendered":"https:\/\/taste-it.ca\/boutique\/non class\u00e9\/fruit-passion-mini-cones-2-pck-par-king-palm\/"},"modified":"2025-10-09T09:03:16","modified_gmt":"2025-10-09T13:03:16","slug":"fruit-passion-mini-cones-2-pck-par-king-palm","status":"publish","type":"product","link":"https:\/\/taste-it.ca\/fr\/product\/fruit-passion-mini-cones-2-pck-par-king-palm\/","title":{"rendered":"Fruit Passion Mini Cones (2\/PCK) par King Palm"},"content":{"rendered":"<p>Les mini-cones go\u00fbt King Palm sont des wraps de cones faits \u00e0 la main fabriqu\u00e9s avec les plus belles feuilles de palme pour un go\u00fbt enti\u00e8rement naturel. Chaque rouleau mini a une capacit\u00e9 d&rsquo;environ 1 gramme. Go\u00fbt fruit de la passion.<\/p>\n<p><strong>Caract\u00e9ristiques<\/strong><\/p>\n<ul>\n<li>Go\u00fbt fruit de la passion<\/li>\n<li>100% feuille de palmier r\u00e9elle<\/li>\n<li>Biologique, sans OGM<\/li>\n<li>Sans tabac et sans produit chimique<\/li>\n<li>Br\u00fble lentement<\/li>\n<li>Poids total : 0,45 livres<\/li>\n<li>2 mini-cones + 1 b\u00e2tonnet d&#8217;emballage \/ paquet<\/li>\n<\/ul>\n","protected":false},"excerpt":{"rendered":"<p>Les mini-cones go\u00fbt King Palm sont des wraps de cones faits \u00e0 la main fabriqu\u00e9s avec les plus belles feuilles de palme pour un go\u00fbt enti\u00e8rement naturel.<\/p>\n","protected":false},"featured_media":43488,"comment_status":"open","ping_status":"closed","template":"","meta":[],"product_brand":[],"product_cat":[2172],"product_tag":[],"class_list":{"0":"post-44438","1":"product","2":"type-product","3":"status-publish","4":"has-post-thumbnail","6":"product_cat-non-categorise","7":"yith_product_brand-king-palm-fr","9":"first","10":"instock","11":"taxable","12":"shipping-taxable","13":"purchasable","14":"product-type-simple"},"_links":{"self":[{"href":"https:\/\/taste-it.ca\/fr\/wp-json\/wp\/v2\/product\/44438","targetHints":{"allow":["GET"]}}],"collection":[{"href":"https:\/\/taste-it.ca\/fr\/wp-json\/wp\/v2\/product"}],"about":[{"href":"https:\/\/taste-it.ca\/fr\/wp-json\/wp\/v2\/types\/product"}],"replies":[{"embeddable":true,"href":"https:\/\/taste-it.ca\/fr\/wp-json\/wp\/v2\/comments?post=44438"}],"wp:featuredmedia":[{"embeddable":true,"href":"https:\/\/taste-it.ca\/fr\/wp-json\/wp\/v2\/media\/43488"}],"wp:attachment":[{"href":"https:\/\/taste-it.ca\/fr\/wp-json\/wp\/v2\/media?parent=44438"}],"wp:term":[{"taxonomy":"product_brand","embeddable":true,"href":"https:\/\/taste-it.ca\/fr\/wp-json\/wp\/v2\/product_brand?post=44438"},{"taxonomy":"product_cat","embeddable":true,"href":"https:\/\/taste-it.ca\/fr\/wp-json\/wp\/v2\/product_cat?post=44438"},{"taxonomy":"product_tag","embeddable":true,"href":"https:\/\/taste-it.ca\/fr\/wp-json\/wp\/v2\/product_tag?post=44438"}],"curies":[{"name":"wp","href":"https:\/\/api.w.org\/{rel}","templated":true}]}}