{"id":44437,"date":"2025-10-09T09:03:16","date_gmt":"2025-10-09T13:03:16","guid":{"rendered":"https:\/\/taste-it.ca\/boutique\/non class\u00e9\/fruit-passion-1-1-4-cones-par-king-palm\/"},"modified":"2025-10-09T09:03:16","modified_gmt":"2025-10-09T13:03:16","slug":"fruit-passion-1-1-4-cones-par-king-palm","status":"publish","type":"product","link":"https:\/\/taste-it.ca\/fr\/product\/fruit-passion-1-1-4-cones-par-king-palm\/","title":{"rendered":"Fruit Passion 1 1\/4 Cones par King Palm"},"content":{"rendered":"<p>Les c\u00f4nes pr\u00e9-roul\u00e9s King Palm Hemp sont \u00e9quip\u00e9s d&rsquo;un filtre et d&rsquo;une perle de saveur qui \u00e9clate pour activer le go\u00fbt. Ce sont des c\u00f4nes de taille king fabriqu\u00e9s en papier de chanvre naturel avec un embout en papier contenant une perle de saveur \u00e0 l&rsquo;int\u00e9rieur. Des terp\u00e8nes naturels de fruits sont infus\u00e9s dans la perle de saveur. Saveur Fruit de la Passion.<\/p>\n<p><strong>Caract\u00e9ristiques<\/strong><\/p>\n<ul>\n<li>Embout saveur Fruit de la Passion avec perle de saveur<\/li>\n<li>Fabriqu\u00e9 en fibres de chanvre<\/li>\n<li>6 c\u00f4nes par paquet<\/li>\n<\/ul>\n","protected":false},"excerpt":{"rendered":"<p>Les mini-cones go\u00fbt King Palm sont des wraps de cones faits \u00e0 la main fabriqu\u00e9s avec les plus belles feuilles de palme pour un go\u00fbt enti\u00e8rement naturel.<\/p>\n","protected":false},"featured_media":43486,"comment_status":"open","ping_status":"closed","template":"","meta":[],"product_brand":[],"product_cat":[2172],"product_tag":[2483],"class_list":{"0":"post-44437","1":"product","2":"type-product","3":"status-publish","4":"has-post-thumbnail","6":"product_cat-non-categorise","7":"product_tag-fruit-de-la-passion","8":"yith_product_brand-king-palm-fr","10":"first","11":"instock","12":"taxable","13":"shipping-taxable","14":"purchasable","15":"product-type-simple"},"_links":{"self":[{"href":"https:\/\/taste-it.ca\/fr\/wp-json\/wp\/v2\/product\/44437","targetHints":{"allow":["GET"]}}],"collection":[{"href":"https:\/\/taste-it.ca\/fr\/wp-json\/wp\/v2\/product"}],"about":[{"href":"https:\/\/taste-it.ca\/fr\/wp-json\/wp\/v2\/types\/product"}],"replies":[{"embeddable":true,"href":"https:\/\/taste-it.ca\/fr\/wp-json\/wp\/v2\/comments?post=44437"}],"wp:featuredmedia":[{"embeddable":true,"href":"https:\/\/taste-it.ca\/fr\/wp-json\/wp\/v2\/media\/43486"}],"wp:attachment":[{"href":"https:\/\/taste-it.ca\/fr\/wp-json\/wp\/v2\/media?parent=44437"}],"wp:term":[{"taxonomy":"product_brand","embeddable":true,"href":"https:\/\/taste-it.ca\/fr\/wp-json\/wp\/v2\/product_brand?post=44437"},{"taxonomy":"product_cat","embeddable":true,"href":"https:\/\/taste-it.ca\/fr\/wp-json\/wp\/v2\/product_cat?post=44437"},{"taxonomy":"product_tag","embeddable":true,"href":"https:\/\/taste-it.ca\/fr\/wp-json\/wp\/v2\/product_tag?post=44437"}],"curies":[{"name":"wp","href":"https:\/\/api.w.org\/{rel}","templated":true}]}}