{"id":44433,"date":"2025-10-09T09:03:16","date_gmt":"2025-10-09T13:03:16","guid":{"rendered":"https:\/\/taste-it.ca\/boutique\/non%20class\u00e9\/flamingo-bay-par-smoke-odor-exterminator\/"},"modified":"2025-10-15T14:53:16","modified_gmt":"2025-10-15T18:53:16","slug":"flamingo-bay-par-smoke-odor-exterminator","status":"publish","type":"product","link":"https:\/\/taste-it.ca\/fr\/product\/flamingo-bay-par-smoke-odor-exterminator\/","title":{"rendered":"Flamingo Bay par Smoke Odor Exterminator"},"content":{"rendered":"<p>Un m\u00e9lange lumineux et ensoleill\u00e9 de tout ce qui caract\u00e9rise la Californie, comprenant des citrons fra\u00eechement press\u00e9s, des n\u00e9nuphars bleus \u00e9tincelants, des brises aquatiques chaudes et une touche de musc de star de cin\u00e9ma.<\/p>\n<p><strong>Caract\u00e9ristiques<\/strong><\/p>\n<ul>\n<li>Id\u00e9al pour \u00e9liminer les odeurs de fum\u00e9e ind\u00e9sirables de cigarettes, pipes, cigares, animaux domestiques, etc.<\/li>\n<li>Parfum : Flamingo Bay<\/li>\n<li>Notes de parfum : frais, acidul\u00e9, musqu\u00e9, floral<\/li>\n<li>Formul\u00e9 \u00e0 base d&rsquo;enzymes<\/li>\n<li>Dur\u00e9e de combustion : jusqu&rsquo;\u00e0 70 heures<\/li>\n<li>Poids : 13 oz (environ 368 g)<\/li>\n<\/ul>\n","protected":false},"excerpt":{"rendered":"<p>Un m\u00e9lange lumineux et ensoleill\u00e9 de tout ce qui caract\u00e9rise la Californie, comprenant des citrons fra\u00eechement press\u00e9s, des n\u00e9nuphars bleus \u00e9tincelants, des brises aquatiques chaudes et une touche de musc de star de cin\u00e9ma.<\/p>\n","protected":false},"featured_media":43480,"comment_status":"open","ping_status":"closed","template":"","meta":[],"product_brand":[],"product_cat":[2172],"product_tag":[2450],"class_list":{"0":"post-44433","1":"product","2":"type-product","3":"status-publish","4":"has-post-thumbnail","6":"product_cat-non-categorise","7":"product_tag-citron","8":"yith_product_brand-smoke-odor-fr","10":"first","11":"onbackorder","12":"taxable","13":"shipping-taxable","14":"purchasable","15":"product-type-simple"},"_links":{"self":[{"href":"https:\/\/taste-it.ca\/fr\/wp-json\/wp\/v2\/product\/44433","targetHints":{"allow":["GET"]}}],"collection":[{"href":"https:\/\/taste-it.ca\/fr\/wp-json\/wp\/v2\/product"}],"about":[{"href":"https:\/\/taste-it.ca\/fr\/wp-json\/wp\/v2\/types\/product"}],"replies":[{"embeddable":true,"href":"https:\/\/taste-it.ca\/fr\/wp-json\/wp\/v2\/comments?post=44433"}],"wp:featuredmedia":[{"embeddable":true,"href":"https:\/\/taste-it.ca\/fr\/wp-json\/wp\/v2\/media\/43480"}],"wp:attachment":[{"href":"https:\/\/taste-it.ca\/fr\/wp-json\/wp\/v2\/media?parent=44433"}],"wp:term":[{"taxonomy":"product_brand","embeddable":true,"href":"https:\/\/taste-it.ca\/fr\/wp-json\/wp\/v2\/product_brand?post=44433"},{"taxonomy":"product_cat","embeddable":true,"href":"https:\/\/taste-it.ca\/fr\/wp-json\/wp\/v2\/product_cat?post=44433"},{"taxonomy":"product_tag","embeddable":true,"href":"https:\/\/taste-it.ca\/fr\/wp-json\/wp\/v2\/product_tag?post=44433"}],"curies":[{"name":"wp","href":"https:\/\/api.w.org\/{rel}","templated":true}]}}