{"id":44432,"date":"2025-10-09T09:03:16","date_gmt":"2025-10-09T13:03:16","guid":{"rendered":"https:\/\/taste-it.ca\/boutique\/non class\u00e9\/falln-leaves-par-smoke-odor-exterminator\/"},"modified":"2025-10-09T09:03:16","modified_gmt":"2025-10-09T13:03:16","slug":"falln-leaves-par-smoke-odor-exterminator","status":"publish","type":"product","link":"https:\/\/taste-it.ca\/fr\/product\/falln-leaves-par-smoke-odor-exterminator\/","title":{"rendered":"Fall&rsquo;n Leaves par Smoke Odor Exterminator"},"content":{"rendered":"<p>Les bougies exterminatrices d&rsquo;odeurs de fum\u00e9e au parfum Fall&rsquo;n Leaves offrent un parfum l\u00e9ger rempli de beurre de pomme, de gingembre et de clou de girofle.<\/p>\n<p>Ce sont des bougies \u00e0 base d&rsquo;enzymes qui attaquent et d\u00e9composent parfaitement les odeurs d\u00e9sagr\u00e9ables, allant des cigarettes, pipes, cigares, animaux domestiques \u00e0 d&rsquo;autres odeurs domestiques.<\/p>\n<p>Caract\u00e9ristiques<\/p>\n<p>\u2013 Id\u00e9al pour \u00e9liminer la fum\u00e9e ind\u00e9sirable des cigarettes, pipes, cigares, animaux domestiques, etc\u2026<br \/>\n\u2013 Parfum : Automne et feuilles<br \/>\n\u2013 Notes parfum\u00e9es : Leg\u00e8re, \u00e9pic\u00e9e, naturelle<br \/>\n\u2013 Formul\u00e9 enzymatique<br \/>\n\u2013 Dur\u00e9e de combustion : jusqu&rsquo;\u00e0 70 heures<br \/>\n\u2013 Poids\u00a0: 13\u00a0oz<\/p>\n","protected":false},"excerpt":{"rendered":"<p>Les bougies exterminatrices d&rsquo;odeurs de fum\u00e9e au parfum Fall&rsquo;n Leaves offrent un parfum l\u00e9ger rempli de beurre de pomme, de gingembre et de clou de girofle.<\/p>\n","protected":false},"featured_media":43478,"comment_status":"open","ping_status":"closed","template":"","meta":[],"product_brand":[],"product_cat":[2172],"product_tag":[2233,3140,2290],"class_list":{"0":"post-44432","1":"product","2":"type-product","3":"status-publish","4":"has-post-thumbnail","6":"product_cat-non-categorise","7":"product_tag-beurre","8":"product_tag-clou-de-girofle-fr","9":"product_tag-gingembre","10":"yith_product_brand-smoke-odor-fr","12":"first","13":"onbackorder","14":"taxable","15":"shipping-taxable","16":"purchasable","17":"product-type-simple"},"_links":{"self":[{"href":"https:\/\/taste-it.ca\/fr\/wp-json\/wp\/v2\/product\/44432","targetHints":{"allow":["GET"]}}],"collection":[{"href":"https:\/\/taste-it.ca\/fr\/wp-json\/wp\/v2\/product"}],"about":[{"href":"https:\/\/taste-it.ca\/fr\/wp-json\/wp\/v2\/types\/product"}],"replies":[{"embeddable":true,"href":"https:\/\/taste-it.ca\/fr\/wp-json\/wp\/v2\/comments?post=44432"}],"wp:featuredmedia":[{"embeddable":true,"href":"https:\/\/taste-it.ca\/fr\/wp-json\/wp\/v2\/media\/43478"}],"wp:attachment":[{"href":"https:\/\/taste-it.ca\/fr\/wp-json\/wp\/v2\/media?parent=44432"}],"wp:term":[{"taxonomy":"product_brand","embeddable":true,"href":"https:\/\/taste-it.ca\/fr\/wp-json\/wp\/v2\/product_brand?post=44432"},{"taxonomy":"product_cat","embeddable":true,"href":"https:\/\/taste-it.ca\/fr\/wp-json\/wp\/v2\/product_cat?post=44432"},{"taxonomy":"product_tag","embeddable":true,"href":"https:\/\/taste-it.ca\/fr\/wp-json\/wp\/v2\/product_tag?post=44432"}],"curies":[{"name":"wp","href":"https:\/\/api.w.org\/{rel}","templated":true}]}}