{"id":44430,"date":"2025-10-09T09:03:16","date_gmt":"2025-10-09T13:03:16","guid":{"rendered":"https:\/\/taste-it.ca\/boutique\/non class\u00e9\/dynacoil-par-dynavap\/"},"modified":"2025-10-09T09:03:16","modified_gmt":"2025-10-09T13:03:16","slug":"dynacoil-par-dynavap","status":"publish","type":"product","link":"https:\/\/taste-it.ca\/fr\/product\/dynacoil-par-dynavap\/","title":{"rendered":"Dynacoil par Dynavap"},"content":{"rendered":"<p>Le DynaCoil est un adaptateur de concentr\u00e9 con\u00e7u avec pr\u00e9cision, construit \u00e0 partir d&rsquo;une pi\u00e8ce continue de titane de qualit\u00e9 m\u00e9dicale. Il est compatible avec tous les embouts DynaVap.<\/p>\n<p>Le DynaCoil est con\u00e7u pour \u00eatre utilis\u00e9 avec de nombreux concentr\u00e9s \u00e0 fusion compl\u00e8te. La construction complexe maintient les concentr\u00e9s en place tout en offrant suffisamment d&rsquo;espace pour l&rsquo;extraction.<\/p>\n","protected":false},"excerpt":{"rendered":"<p>Le DynaCoil est un adaptateur de concentr\u00e9 con\u00e7u avec pr\u00e9cision, construit \u00e0 partir d&rsquo;une pi\u00e8ce continue de titane de qualit\u00e9 m\u00e9dicale. Il est compatible avec tous les embouts DynaVap.<\/p>\n","protected":false},"featured_media":43470,"comment_status":"open","ping_status":"closed","template":"","meta":[],"product_brand":[],"product_cat":[2172],"product_tag":[],"class_list":{"0":"post-44430","1":"product","2":"type-product","3":"status-publish","4":"has-post-thumbnail","6":"product_cat-non-categorise","7":"yith_product_brand-dynavap-fr","9":"first","10":"onbackorder","11":"taxable","12":"shipping-taxable","13":"purchasable","14":"product-type-simple"},"_links":{"self":[{"href":"https:\/\/taste-it.ca\/fr\/wp-json\/wp\/v2\/product\/44430","targetHints":{"allow":["GET"]}}],"collection":[{"href":"https:\/\/taste-it.ca\/fr\/wp-json\/wp\/v2\/product"}],"about":[{"href":"https:\/\/taste-it.ca\/fr\/wp-json\/wp\/v2\/types\/product"}],"replies":[{"embeddable":true,"href":"https:\/\/taste-it.ca\/fr\/wp-json\/wp\/v2\/comments?post=44430"}],"wp:featuredmedia":[{"embeddable":true,"href":"https:\/\/taste-it.ca\/fr\/wp-json\/wp\/v2\/media\/43470"}],"wp:attachment":[{"href":"https:\/\/taste-it.ca\/fr\/wp-json\/wp\/v2\/media?parent=44430"}],"wp:term":[{"taxonomy":"product_brand","embeddable":true,"href":"https:\/\/taste-it.ca\/fr\/wp-json\/wp\/v2\/product_brand?post=44430"},{"taxonomy":"product_cat","embeddable":true,"href":"https:\/\/taste-it.ca\/fr\/wp-json\/wp\/v2\/product_cat?post=44430"},{"taxonomy":"product_tag","embeddable":true,"href":"https:\/\/taste-it.ca\/fr\/wp-json\/wp\/v2\/product_tag?post=44430"}],"curies":[{"name":"wp","href":"https:\/\/api.w.org\/{rel}","templated":true}]}}