{"id":44429,"date":"2025-10-09T09:03:16","date_gmt":"2025-10-09T13:03:16","guid":{"rendered":"https:\/\/taste-it.ca\/boutique\/non class\u00e9\/dragons-blood-candle-par-smoke-odor-exterminator\/"},"modified":"2025-10-09T09:03:16","modified_gmt":"2025-10-09T13:03:16","slug":"dragons-blood-candle-par-smoke-odor-exterminator","status":"publish","type":"product","link":"https:\/\/taste-it.ca\/fr\/product\/dragons-blood-candle-par-smoke-odor-exterminator\/","title":{"rendered":"Dragon\u2019s Blood Candle par Smoke Odor Exterminator"},"content":{"rendered":"<p>Les bougies exterminatrices d&rsquo;odeurs de fum\u00e9e au parfum de sang de dragon d\u00e9livrent un parfum d&rsquo;encens familier avec des notes d&rsquo;ambre et de vanille.<\/p>\n<p>Les tuyaux sont des bougies \u00e0 base d&rsquo;enzymes qui attaquent et d\u00e9composent parfaitement les odeurs d\u00e9sagr\u00e9ables, allant des cigarettes, pipes, cigares, animaux domestiques \u00e0 d&rsquo;autres odeurs domestiques.<\/p>\n<p>Caract\u00e9ristiques<\/p>\n<p>\u2013 Id\u00e9al pour \u00e9liminer la fum\u00e9e ind\u00e9sirable des cigarettes, pipes, cigares, animaux domestiques, etc\u2026<br \/>\n\u2013 Parfum : sang de dragon<br \/>\n\u2013 Notes parfum\u00e9es : douces, vanill\u00e9es<br \/>\n\u2013 Formul\u00e9 enzymatique<br \/>\n\u2013 Dur\u00e9e de combustion : jusqu&rsquo;\u00e0 70 heures<br \/>\n\u2013 Poids\u00a0: 13\u00a0oz<\/p>\n","protected":false},"excerpt":{"rendered":"<p>Les bougies exterminatrices d&rsquo;odeurs de fum\u00e9e au parfum de sang de dragon d\u00e9livrent un parfum d&rsquo;encens familier avec des notes d&rsquo;ambre et de vanille.<\/p>\n","protected":false},"featured_media":43390,"comment_status":"open","ping_status":"closed","template":"","meta":[],"product_brand":[],"product_cat":[2172],"product_tag":[3143,2663],"class_list":{"0":"post-44429","1":"product","2":"type-product","3":"status-publish","4":"has-post-thumbnail","6":"product_cat-non-categorise","7":"product_tag-ambre","8":"product_tag-vanilla-fr","9":"yith_product_brand-smoke-odor-fr","11":"first","12":"onbackorder","13":"taxable","14":"shipping-taxable","15":"purchasable","16":"product-type-simple"},"_links":{"self":[{"href":"https:\/\/taste-it.ca\/fr\/wp-json\/wp\/v2\/product\/44429","targetHints":{"allow":["GET"]}}],"collection":[{"href":"https:\/\/taste-it.ca\/fr\/wp-json\/wp\/v2\/product"}],"about":[{"href":"https:\/\/taste-it.ca\/fr\/wp-json\/wp\/v2\/types\/product"}],"replies":[{"embeddable":true,"href":"https:\/\/taste-it.ca\/fr\/wp-json\/wp\/v2\/comments?post=44429"}],"wp:featuredmedia":[{"embeddable":true,"href":"https:\/\/taste-it.ca\/fr\/wp-json\/wp\/v2\/media\/43390"}],"wp:attachment":[{"href":"https:\/\/taste-it.ca\/fr\/wp-json\/wp\/v2\/media?parent=44429"}],"wp:term":[{"taxonomy":"product_brand","embeddable":true,"href":"https:\/\/taste-it.ca\/fr\/wp-json\/wp\/v2\/product_brand?post=44429"},{"taxonomy":"product_cat","embeddable":true,"href":"https:\/\/taste-it.ca\/fr\/wp-json\/wp\/v2\/product_cat?post=44429"},{"taxonomy":"product_tag","embeddable":true,"href":"https:\/\/taste-it.ca\/fr\/wp-json\/wp\/v2\/product_tag?post=44429"}],"curies":[{"name":"wp","href":"https:\/\/api.w.org\/{rel}","templated":true}]}}