{"id":44428,"date":"2025-10-09T09:03:16","date_gmt":"2025-10-09T13:03:16","guid":{"rendered":"https:\/\/taste-it.ca\/boutique\/non class\u00e9\/deluxe-rolls-4-m-par-smoking\/"},"modified":"2025-10-09T09:03:16","modified_gmt":"2025-10-09T13:03:16","slug":"deluxe-rolls-4-m-par-smoking","status":"publish","type":"product","link":"https:\/\/taste-it.ca\/fr\/product\/deluxe-rolls-4-m-par-smoking\/","title":{"rendered":"Deluxe Rolls, 4 m par Smoking"},"content":{"rendered":"<p>Les rouleaux fumeurs de luxe sont tous naturels et compos\u00e9s \u00e0 100 % de p\u00e2te de bois, garantissant une combustion lente et uniforme des fum\u00e9es avec tr\u00e8s peu de cendres. Avec de la gomme v\u00e9g\u00e9tale 100% naturelle, ces rouleaux offriront aux fumeurs une mani\u00e8re totalement pure de fumer.<\/p>\n<p><strong>Caract\u00e9ristiques<\/strong><\/p>\n<ul>\n<li>\u2013 Papiers ultrafins<\/li>\n<li>\u2013 Gomme v\u00e9g\u00e9tale 100% naturelle sans colorants ni additifs<\/li>\n<li>\u2013 Fumer en filigrane<\/li>\n<li>\u2013 Certifi\u00e9 FSC\u00ae<\/li>\n<li>\u2013 Dimensions : 44 mm x 4 m<\/li>\n<li>\u2013 Poids : 13 g\/m2<\/li>\n<\/ul>\n<p>&nbsp;<\/p>\n","protected":false},"excerpt":{"rendered":"<p>Les rouleaux fumeurs de luxe sont tous naturels et compos\u00e9s \u00e0 100 % de p\u00e2te de bois, garantissant une combustion lente et uniforme des fum\u00e9es avec tr\u00e8s peu de cendres.<\/p>\n","protected":false},"featured_media":43466,"comment_status":"open","ping_status":"closed","template":"","meta":[],"product_brand":[],"product_cat":[2172],"product_tag":[],"class_list":{"0":"post-44428","1":"product","2":"type-product","3":"status-publish","4":"has-post-thumbnail","6":"product_cat-non-categorise","7":"yith_product_brand-smoking-fr","9":"first","10":"instock","11":"taxable","12":"shipping-taxable","13":"purchasable","14":"product-type-simple"},"_links":{"self":[{"href":"https:\/\/taste-it.ca\/fr\/wp-json\/wp\/v2\/product\/44428","targetHints":{"allow":["GET"]}}],"collection":[{"href":"https:\/\/taste-it.ca\/fr\/wp-json\/wp\/v2\/product"}],"about":[{"href":"https:\/\/taste-it.ca\/fr\/wp-json\/wp\/v2\/types\/product"}],"replies":[{"embeddable":true,"href":"https:\/\/taste-it.ca\/fr\/wp-json\/wp\/v2\/comments?post=44428"}],"wp:featuredmedia":[{"embeddable":true,"href":"https:\/\/taste-it.ca\/fr\/wp-json\/wp\/v2\/media\/43466"}],"wp:attachment":[{"href":"https:\/\/taste-it.ca\/fr\/wp-json\/wp\/v2\/media?parent=44428"}],"wp:term":[{"taxonomy":"product_brand","embeddable":true,"href":"https:\/\/taste-it.ca\/fr\/wp-json\/wp\/v2\/product_brand?post=44428"},{"taxonomy":"product_cat","embeddable":true,"href":"https:\/\/taste-it.ca\/fr\/wp-json\/wp\/v2\/product_cat?post=44428"},{"taxonomy":"product_tag","embeddable":true,"href":"https:\/\/taste-it.ca\/fr\/wp-json\/wp\/v2\/product_tag?post=44428"}],"curies":[{"name":"wp","href":"https:\/\/api.w.org\/{rel}","templated":true}]}}