{"id":44425,"date":"2025-10-09T09:03:16","date_gmt":"2025-10-09T13:03:16","guid":{"rendered":"https:\/\/taste-it.ca\/boutique\/non class\u00e9\/deluxe-medium-tips-par-smoking\/"},"modified":"2025-10-09T09:03:16","modified_gmt":"2025-10-09T13:03:16","slug":"deluxe-medium-tips-par-smoking","status":"publish","type":"product","link":"https:\/\/taste-it.ca\/fr\/product\/deluxe-medium-tips-par-smoking\/","title":{"rendered":"Deluxe Medium Tips par Smoking"},"content":{"rendered":"<p>Les embouts Smoking Deluxe Medium sont en carton pour une fum\u00e9e plus confortable. Chaque livret est livr\u00e9 avec 50 embouts aux extr\u00e9mit\u00e9s perfor\u00e9es, qui aident les fumeurs \u00e0 s&rsquo;enrouler facilement. Avec ces jolis embouts enroulables et propres, vos fum\u00e9es auront toujours un tirage en douceur et les extr\u00e9mit\u00e9s ne s&rsquo;effondreront jamais.<\/p>\n<p>Caract\u00e9ristiques<\/p>\n<p>\u2013 Embouts en carton pr\u00e9d\u00e9coup\u00e9s<br \/>\n\u2013 Dimensions : 60 mm x 20 mm<br \/>\n\u2013 50 cartons \/ livret<\/p>\n","protected":false},"excerpt":{"rendered":"<p>Les embouts Smoking Deluxe Medium sont en carton pour une fum\u00e9e plus confortable. <\/p>\n","protected":false},"featured_media":43464,"comment_status":"open","ping_status":"closed","template":"","meta":[],"product_brand":[],"product_cat":[2172],"product_tag":[],"class_list":{"0":"post-44425","1":"product","2":"type-product","3":"status-publish","4":"has-post-thumbnail","6":"product_cat-non-categorise","7":"yith_product_brand-smoking-fr","9":"first","10":"instock","11":"taxable","12":"shipping-taxable","13":"purchasable","14":"product-type-simple"},"_links":{"self":[{"href":"https:\/\/taste-it.ca\/fr\/wp-json\/wp\/v2\/product\/44425","targetHints":{"allow":["GET"]}}],"collection":[{"href":"https:\/\/taste-it.ca\/fr\/wp-json\/wp\/v2\/product"}],"about":[{"href":"https:\/\/taste-it.ca\/fr\/wp-json\/wp\/v2\/types\/product"}],"replies":[{"embeddable":true,"href":"https:\/\/taste-it.ca\/fr\/wp-json\/wp\/v2\/comments?post=44425"}],"wp:featuredmedia":[{"embeddable":true,"href":"https:\/\/taste-it.ca\/fr\/wp-json\/wp\/v2\/media\/43464"}],"wp:attachment":[{"href":"https:\/\/taste-it.ca\/fr\/wp-json\/wp\/v2\/media?parent=44425"}],"wp:term":[{"taxonomy":"product_brand","embeddable":true,"href":"https:\/\/taste-it.ca\/fr\/wp-json\/wp\/v2\/product_brand?post=44425"},{"taxonomy":"product_cat","embeddable":true,"href":"https:\/\/taste-it.ca\/fr\/wp-json\/wp\/v2\/product_cat?post=44425"},{"taxonomy":"product_tag","embeddable":true,"href":"https:\/\/taste-it.ca\/fr\/wp-json\/wp\/v2\/product_tag?post=44425"}],"curies":[{"name":"wp","href":"https:\/\/api.w.org\/{rel}","templated":true}]}}