{"id":44417,"date":"2025-10-09T09:03:04","date_gmt":"2025-10-09T13:03:04","guid":{"rendered":"https:\/\/taste-it.ca\/boutique\/non class\u00e9\/cool-cucumber-honeydew-spray-par-smoke-odor-exterminator\/"},"modified":"2025-10-09T09:03:04","modified_gmt":"2025-10-09T13:03:04","slug":"cool-cucumber-honeydew-spray-par-smoke-odor-exterminator","status":"publish","type":"product","link":"https:\/\/taste-it.ca\/fr\/product\/cool-cucumber-honeydew-spray-par-smoke-odor-exterminator\/","title":{"rendered":"Cool Cucumber &#038; Honeydew Spray par Smoke Odor Exterminator"},"content":{"rendered":"<p>Le spray exterminateur d&rsquo;odeurs de fum\u00e9e, 7 oz, Cool Cucumber &#038; Honeydew offre un nouveau parfum \u00e0 partir d&rsquo;une touche fra\u00eeche et rafra\u00eechissante de concombre m\u00e9lang\u00e9e \u00e0 la douce douceur du miellat.<\/p>\n<p>Ce d\u00e9sodorisant \u00e0 formule enzymatique agit rapidement pour \u00e9liminer les odeurs d\u00e9sagr\u00e9ables de cigarettes, de pipes, de cigares, d&rsquo;animaux domestiques et d&rsquo;autres odeurs domestiques.<\/p>\n<p>Caract\u00e9ristiques<\/p>\n<p>\u2013 Id\u00e9al pour \u00e9liminer la fum\u00e9e ind\u00e9sirable des cigarettes, pipes, cigares, animaux domestiques, etc\u2026<br \/>\n\u2013 Parfum : concombre frais et miellat<br \/>\n\u2013 Notes parfum\u00e9es : croquantes, fruit\u00e9es, florales<br \/>\n\u2013 Formul\u00e9 enzymatique<br \/>\n\u2013 Action rapide et pratique<br \/>\n\u2013 Poids\u00a0: 7\u00a0oz<\/p>\n","protected":false},"excerpt":{"rendered":"<p>Le spray exterminateur d&rsquo;odeurs de fum\u00e9e, 7 oz, Cool Cucumber &#038; Honeydew offre un nouveau parfum \u00e0 partir d&rsquo;une touche fra\u00eeche et rafra\u00eechissante de concombre m\u00e9lang\u00e9e \u00e0 la douce douceur du miellat.<\/p>\n","protected":false},"featured_media":43682,"comment_status":"open","ping_status":"closed","template":"","meta":[],"product_brand":[],"product_cat":[2172],"product_tag":[2271],"class_list":{"0":"post-44417","1":"product","2":"type-product","3":"status-publish","4":"has-post-thumbnail","6":"product_cat-non-categorise","7":"product_tag-concombre","8":"yith_product_brand-smoke-odor-fr","10":"first","11":"onbackorder","12":"taxable","13":"shipping-taxable","14":"purchasable","15":"product-type-simple"},"_links":{"self":[{"href":"https:\/\/taste-it.ca\/fr\/wp-json\/wp\/v2\/product\/44417","targetHints":{"allow":["GET"]}}],"collection":[{"href":"https:\/\/taste-it.ca\/fr\/wp-json\/wp\/v2\/product"}],"about":[{"href":"https:\/\/taste-it.ca\/fr\/wp-json\/wp\/v2\/types\/product"}],"replies":[{"embeddable":true,"href":"https:\/\/taste-it.ca\/fr\/wp-json\/wp\/v2\/comments?post=44417"}],"wp:featuredmedia":[{"embeddable":true,"href":"https:\/\/taste-it.ca\/fr\/wp-json\/wp\/v2\/media\/43682"}],"wp:attachment":[{"href":"https:\/\/taste-it.ca\/fr\/wp-json\/wp\/v2\/media?parent=44417"}],"wp:term":[{"taxonomy":"product_brand","embeddable":true,"href":"https:\/\/taste-it.ca\/fr\/wp-json\/wp\/v2\/product_brand?post=44417"},{"taxonomy":"product_cat","embeddable":true,"href":"https:\/\/taste-it.ca\/fr\/wp-json\/wp\/v2\/product_cat?post=44417"},{"taxonomy":"product_tag","embeddable":true,"href":"https:\/\/taste-it.ca\/fr\/wp-json\/wp\/v2\/product_tag?post=44417"}],"curies":[{"name":"wp","href":"https:\/\/api.w.org\/{rel}","templated":true}]}}