{"id":44414,"date":"2025-10-09T10:22:27","date_gmt":"2025-10-09T14:22:27","guid":{"rendered":"https:\/\/taste-it.ca\/boutique\/non class\u00e9\/coconut-cream-terp-hemp-wraps-105-mm-2-pck-par-juicy-jays\/"},"modified":"2025-10-09T10:22:27","modified_gmt":"2025-10-09T14:22:27","slug":"coconut-cream-terp-hemp-wraps-105-mm-2-pck-par-juicy-jays","status":"publish","type":"product","link":"https:\/\/taste-it.ca\/fr\/product\/coconut-cream-terp-hemp-wraps-105-mm-2-pck-par-juicy-jays\/","title":{"rendered":"Coconut Cream Terp Hemp Wraps 105 mm (2\/PCK) par Juicy Jay&rsquo;s"},"content":{"rendered":"<p>Les feuilles \u00e0 rouler Juicy Jay&rsquo;s Terp en chanvre, qui ont une saveur distincte rappelant la noix de coco avec une texture riche et cr\u00e9meuse, sont fabriqu\u00e9es \u00e0 partir de chanvre grill\u00e9 naturel sans tabac ni nicotine. Les terp\u00e8nes sont renforc\u00e9s dans ces feuilles \u00e0 rouler pour am\u00e9liorer le go\u00fbt naturel. De plus, ces feuilles b\u00e9n\u00e9ficient d&rsquo;un syst\u00e8me de saveur \u00e0 triple trempage pour des blunts savoureux et d&rsquo;un scellement ultra-serr\u00e9 pour conserver la fra\u00eecheur.<\/p>\n<p>Caract\u00e9ristiques<\/p>\n<p>Saveur de noix de coco<br \/>\nRenforc\u00e9 en terp\u00e8nes<br \/>\nSyst\u00e8me de saveur \u00e0 triple trempage<br \/>\n100% pur chanvre naturel<br \/>\nConvient aux v\u00e9g\u00e9taliens<br \/>\nSans tabac ni nicotine<br \/>\nLongueur : 105 mm<br \/>\n2 feuilles \u00e0 rouler \/ paquet<\/p>\n","protected":false},"excerpt":{"rendered":"<p>Les feuilles \u00e0 rouler Juicy Jay&rsquo;s Terp en chanvre, qui ont une saveur distincte rappelant la noix de coco avec une texture riche et cr\u00e9meuse, sont fabriqu\u00e9es \u00e0 partir de chanvre grill\u00e9 naturel sans tabac ni nicotine.<\/p>\n","protected":false},"featured_media":44006,"comment_status":"open","ping_status":"closed","template":"","meta":[],"product_brand":[],"product_cat":[2172],"product_tag":[2380],"class_list":{"0":"post-44414","1":"product","2":"type-product","3":"status-publish","4":"has-post-thumbnail","6":"product_cat-non-categorise","7":"product_tag-noix-de-coco","8":"yith_product_brand-juicy-jays-fr","10":"first","11":"instock","12":"taxable","13":"shipping-taxable","14":"purchasable","15":"product-type-simple"},"_links":{"self":[{"href":"https:\/\/taste-it.ca\/fr\/wp-json\/wp\/v2\/product\/44414","targetHints":{"allow":["GET"]}}],"collection":[{"href":"https:\/\/taste-it.ca\/fr\/wp-json\/wp\/v2\/product"}],"about":[{"href":"https:\/\/taste-it.ca\/fr\/wp-json\/wp\/v2\/types\/product"}],"replies":[{"embeddable":true,"href":"https:\/\/taste-it.ca\/fr\/wp-json\/wp\/v2\/comments?post=44414"}],"wp:featuredmedia":[{"embeddable":true,"href":"https:\/\/taste-it.ca\/fr\/wp-json\/wp\/v2\/media\/44006"}],"wp:attachment":[{"href":"https:\/\/taste-it.ca\/fr\/wp-json\/wp\/v2\/media?parent=44414"}],"wp:term":[{"taxonomy":"product_brand","embeddable":true,"href":"https:\/\/taste-it.ca\/fr\/wp-json\/wp\/v2\/product_brand?post=44414"},{"taxonomy":"product_cat","embeddable":true,"href":"https:\/\/taste-it.ca\/fr\/wp-json\/wp\/v2\/product_cat?post=44414"},{"taxonomy":"product_tag","embeddable":true,"href":"https:\/\/taste-it.ca\/fr\/wp-json\/wp\/v2\/product_tag?post=44414"}],"curies":[{"name":"wp","href":"https:\/\/api.w.org\/{rel}","templated":true}]}}