{"id":44412,"date":"2025-10-09T09:02:44","date_gmt":"2025-10-09T13:02:44","guid":{"rendered":"https:\/\/taste-it.ca\/boutique\/non class\u00e9\/classic-rolling-papers-single-wide-par-pure-hemp\/"},"modified":"2025-10-09T09:02:44","modified_gmt":"2025-10-09T13:02:44","slug":"classic-rolling-papers-single-wide-par-pure-hemp","status":"publish","type":"product","link":"https:\/\/taste-it.ca\/fr\/product\/classic-rolling-papers-single-wide-par-pure-hemp\/","title":{"rendered":"Classic Rolling Papers, Single Wide par Pure Hemp"},"content":{"rendered":"<p>Les papiers \u00e0 rouler Pure Hemp Classic sont totalement exempts d&rsquo;arbres, offrant une fa\u00e7on naturelle et pure de fumer des herbes et du tabac. Fabriqu\u00e9s uniquement \u00e0 partir de la pulpe de chanvre la plus pure avec une gomme d&rsquo;acaica naturelle, ces papiers br\u00fblent lentement et produisent peu de cendres.<\/p>\n<p>Caract\u00e9ristiques<\/p>\n<p>\u2013 100% \u00e9cologique sans arbre<br \/>\n\u2013 Ligne gingivale naturelle d&rsquo;Acaica<br \/>\n\u2013 La pulpe de chanvre la plus fine<br \/>\n\u2013 Dimensions : 69 mm x 37 mm<br \/>\n\u2013 50 papiers\/livret<\/p>\n","protected":false},"excerpt":{"rendered":"<p>Les papiers \u00e0 rouler Pure Hemp Classic sont totalement exempts d&rsquo;arbres, offrant une fa\u00e7on naturelle et pure de fumer des herbes et du tabac.<\/p>\n","protected":false},"featured_media":43664,"comment_status":"open","ping_status":"closed","template":"","meta":[],"product_brand":[],"product_cat":[2172],"product_tag":[],"class_list":{"0":"post-44412","1":"product","2":"type-product","3":"status-publish","4":"has-post-thumbnail","6":"product_cat-non-categorise","7":"yith_product_brand-pure-hemp-fr","9":"first","10":"instock","11":"taxable","12":"shipping-taxable","13":"purchasable","14":"product-type-simple"},"_links":{"self":[{"href":"https:\/\/taste-it.ca\/fr\/wp-json\/wp\/v2\/product\/44412","targetHints":{"allow":["GET"]}}],"collection":[{"href":"https:\/\/taste-it.ca\/fr\/wp-json\/wp\/v2\/product"}],"about":[{"href":"https:\/\/taste-it.ca\/fr\/wp-json\/wp\/v2\/types\/product"}],"replies":[{"embeddable":true,"href":"https:\/\/taste-it.ca\/fr\/wp-json\/wp\/v2\/comments?post=44412"}],"wp:featuredmedia":[{"embeddable":true,"href":"https:\/\/taste-it.ca\/fr\/wp-json\/wp\/v2\/media\/43664"}],"wp:attachment":[{"href":"https:\/\/taste-it.ca\/fr\/wp-json\/wp\/v2\/media?parent=44412"}],"wp:term":[{"taxonomy":"product_brand","embeddable":true,"href":"https:\/\/taste-it.ca\/fr\/wp-json\/wp\/v2\/product_brand?post=44412"},{"taxonomy":"product_cat","embeddable":true,"href":"https:\/\/taste-it.ca\/fr\/wp-json\/wp\/v2\/product_cat?post=44412"},{"taxonomy":"product_tag","embeddable":true,"href":"https:\/\/taste-it.ca\/fr\/wp-json\/wp\/v2\/product_tag?post=44412"}],"curies":[{"name":"wp","href":"https:\/\/api.w.org\/{rel}","templated":true}]}}