{"id":44410,"date":"2025-10-09T09:02:43","date_gmt":"2025-10-09T13:02:43","guid":{"rendered":"https:\/\/taste-it.ca\/boutique\/non%20class\u00e9\/classic-natural-unrefined-rolling-papers-single-wide-double-window-par-raw\/"},"modified":"2026-04-02T07:51:19","modified_gmt":"2026-04-02T11:51:19","slug":"classic-natural-unrefined-rolling-papers-single-wide-double-window-par-raw","status":"publish","type":"product","link":"https:\/\/taste-it.ca\/fr\/product\/classic-natural-unrefined-rolling-papers-single-wide-double-window-par-raw\/","title":{"rendered":"Classic Natural Unrefined Rolling Papers, Single Wide Double Window par RAW"},"content":{"rendered":"<p>Les papiers \u00e0 rouler larges simples non raffin\u00e9s RAW Classic sont fabriqu\u00e9s \u00e0 partir de fibres v\u00e9g\u00e9tales v\u00e9g\u00e9taliennes et non blanchies et finis avec la gencive de la s\u00e8ve d&rsquo;arbre naturelle la plus pure, qui offre l&rsquo;exp\u00e9rience de fumage la plus originale et la plus naturelle. Chaque papier est filigran\u00e9 avec l&rsquo;impression \u00e0 [&#8230;]ur crois\u00e9e de RAW pour \u00e9viter les coulures et maintenir une br\u00fblure lisse et uniforme.<\/p>\n<p>Caract\u00e9ristiques<\/p>\n<p>\u2013 Naturellement non raffin\u00e9<br \/>\n\u2013 Sans additifs<br \/>\n\u2013 Fabriqu\u00e9 \u00e0 partir de plantes<br \/>\n\u2013 Filigrane entrecrois\u00e9 brevet\u00e9<br \/>\n\u2013 Dimensions : 70 mm x 37 mm<br \/>\n\u2013 100 papiers\/livret<\/p>\n","protected":false},"excerpt":{"rendered":"<p>Les papiers \u00e0 rouler larges simples non raffin\u00e9s RAW Classic sont fabriqu\u00e9s \u00e0 partir de fibres v\u00e9g\u00e9tales v\u00e9g\u00e9taliennes et non blanchies et finis avec la gencive de la s\u00e8ve d&rsquo;arbre naturelle la plus pure, qui offre l&rsquo;exp\u00e9rience de fumage la plus originale et la plus naturelle.<\/p>\n","protected":false},"featured_media":43450,"comment_status":"open","ping_status":"closed","template":"","meta":[],"product_brand":[],"product_cat":[2172],"product_tag":[],"class_list":{"0":"post-44410","1":"product","2":"type-product","3":"status-publish","4":"has-post-thumbnail","6":"product_cat-non-categorise","7":"yith_product_brand-raw-fr","9":"first","10":"instock","11":"taxable","12":"shipping-taxable","13":"purchasable","14":"product-type-simple"},"_links":{"self":[{"href":"https:\/\/taste-it.ca\/fr\/wp-json\/wp\/v2\/product\/44410","targetHints":{"allow":["GET"]}}],"collection":[{"href":"https:\/\/taste-it.ca\/fr\/wp-json\/wp\/v2\/product"}],"about":[{"href":"https:\/\/taste-it.ca\/fr\/wp-json\/wp\/v2\/types\/product"}],"replies":[{"embeddable":true,"href":"https:\/\/taste-it.ca\/fr\/wp-json\/wp\/v2\/comments?post=44410"}],"wp:featuredmedia":[{"embeddable":true,"href":"https:\/\/taste-it.ca\/fr\/wp-json\/wp\/v2\/media\/43450"}],"wp:attachment":[{"href":"https:\/\/taste-it.ca\/fr\/wp-json\/wp\/v2\/media?parent=44410"}],"wp:term":[{"taxonomy":"product_brand","embeddable":true,"href":"https:\/\/taste-it.ca\/fr\/wp-json\/wp\/v2\/product_brand?post=44410"},{"taxonomy":"product_cat","embeddable":true,"href":"https:\/\/taste-it.ca\/fr\/wp-json\/wp\/v2\/product_cat?post=44410"},{"taxonomy":"product_tag","embeddable":true,"href":"https:\/\/taste-it.ca\/fr\/wp-json\/wp\/v2\/product_tag?post=44410"}],"curies":[{"name":"wp","href":"https:\/\/api.w.org\/{rel}","templated":true}]}}