{"id":44409,"date":"2025-10-09T09:03:04","date_gmt":"2025-10-09T13:03:04","guid":{"rendered":"https:\/\/taste-it.ca\/boutique\/non class\u00e9\/classic-natural-unrefined-pre-roll-cones-king-size-3-pck-par-raw\/"},"modified":"2025-10-09T09:03:04","modified_gmt":"2025-10-09T13:03:04","slug":"classic-natural-unrefined-pre-roll-cones-king-size-3-pck-par-raw","status":"publish","type":"product","link":"https:\/\/taste-it.ca\/fr\/product\/classic-natural-unrefined-pre-roll-cones-king-size-3-pck-par-raw\/","title":{"rendered":"Classic Natural Unrefined Pre-Roll Cones King Size (3\/PCK) par RAW"},"content":{"rendered":"<p>Les c\u00f4nes RAW Classic 1 1\/4 sont des c\u00f4nes pr\u00e9-roul\u00e9s fabriqu\u00e9s avec pr\u00e9cision \u00e0 partir de papiers vraiment naturellement non blanchis sans craie ni colorant ajout\u00e9s. Chaque c\u00f4ne de 83 mm contient environ 75 g et poss\u00e8de un filigrane entrecrois\u00e9 con\u00e7u pour assurer une combustion lente, propre et uniforme.<\/p>\n<p>Fonctionnalit\u00e9s<\/p>\n<p>\u2013 Naturellement non blanchi<br \/>\n\u2013 Sans additifs<br \/>\n\u2013 gomme d&rsquo;acacia<br \/>\n\u2013 Filigrane entrecrois\u00e9 brevet\u00e9<br \/>\n\u2013 Longueur : 83mm<br \/>\n\u2013 6 c\u00f4nes \/ paquet<\/p>\n","protected":false},"excerpt":{"rendered":"<p>Les c\u00f4nes RAW Classic 1 1\/4 sont des c\u00f4nes pr\u00e9-roul\u00e9s fabriqu\u00e9s avec pr\u00e9cision \u00e0 partir de papiers vraiment naturellement non blanchis sans craie ni colorant ajout\u00e9s.<\/p>\n","protected":false},"featured_media":43518,"comment_status":"open","ping_status":"closed","template":"","meta":[],"product_brand":[],"product_cat":[2172],"product_tag":[],"class_list":{"0":"post-44409","1":"product","2":"type-product","3":"status-publish","4":"has-post-thumbnail","6":"product_cat-non-categorise","7":"yith_product_brand-raw-fr","9":"first","10":"instock","11":"taxable","12":"shipping-taxable","13":"purchasable","14":"product-type-simple"},"_links":{"self":[{"href":"https:\/\/taste-it.ca\/fr\/wp-json\/wp\/v2\/product\/44409","targetHints":{"allow":["GET"]}}],"collection":[{"href":"https:\/\/taste-it.ca\/fr\/wp-json\/wp\/v2\/product"}],"about":[{"href":"https:\/\/taste-it.ca\/fr\/wp-json\/wp\/v2\/types\/product"}],"replies":[{"embeddable":true,"href":"https:\/\/taste-it.ca\/fr\/wp-json\/wp\/v2\/comments?post=44409"}],"wp:featuredmedia":[{"embeddable":true,"href":"https:\/\/taste-it.ca\/fr\/wp-json\/wp\/v2\/media\/43518"}],"wp:attachment":[{"href":"https:\/\/taste-it.ca\/fr\/wp-json\/wp\/v2\/media?parent=44409"}],"wp:term":[{"taxonomy":"product_brand","embeddable":true,"href":"https:\/\/taste-it.ca\/fr\/wp-json\/wp\/v2\/product_brand?post=44409"},{"taxonomy":"product_cat","embeddable":true,"href":"https:\/\/taste-it.ca\/fr\/wp-json\/wp\/v2\/product_cat?post=44409"},{"taxonomy":"product_tag","embeddable":true,"href":"https:\/\/taste-it.ca\/fr\/wp-json\/wp\/v2\/product_tag?post=44409"}],"curies":[{"name":"wp","href":"https:\/\/api.w.org\/{rel}","templated":true}]}}