{"id":44407,"date":"2025-10-09T09:03:04","date_gmt":"2025-10-09T13:03:04","guid":{"rendered":"https:\/\/taste-it.ca\/boutique\/non class\u00e9\/classic-natural-unrefined-lean-pre-roll-cones-king-size-20-pck-par-raw\/"},"modified":"2025-10-09T09:03:04","modified_gmt":"2025-10-09T13:03:04","slug":"classic-natural-unrefined-lean-pre-roll-cones-king-size-20-pck-par-raw","status":"publish","type":"product","link":"https:\/\/taste-it.ca\/fr\/product\/classic-natural-unrefined-lean-pre-roll-cones-king-size-20-pck-par-raw\/","title":{"rendered":"Classic Natural Unrefined Lean Pre-Roll Cones King Size (20\/PCK) par RAW"},"content":{"rendered":"<p>Les c\u00f4nes RAW Classic Lean ont la m\u00eame longueur que les c\u00f4nes RAW Classic King Size, mais ils sont plus fins avec une pointe plus longue. Ces c\u00f4nes ont moins de surface dans la braise pour rendre la saveur enti\u00e8rement diff\u00e9rente des \u00abgros c\u00f4nes\u00bb typiques. Fabriqu\u00e9s \u00e0 partir de plantes enti\u00e8rement naturelles et sans additifs, les c\u00f4nes Lean offrent une fum\u00e9e roul\u00e9e \u00e0 la main tr\u00e8s unique.<\/p>\n<p>Fonctionnalit\u00e9s<\/p>\n<p>\u2013 Naturellement non blanchi<br \/>\n\u2013 Sans additifs<br \/>\n\u2013 gomme d&rsquo;acacia<br \/>\n\u2013 Filigrane entrecrois\u00e9 brevet\u00e9<br \/>\n\u2013 Longueur : 110mm<br \/>\n\u2013 Diam\u00e8tre : 7mm<br \/>\n\u2013 20 c\u00f4nes \/ paquet<\/p>\n","protected":false},"excerpt":{"rendered":"<p>Les c\u00f4nes RAW Classic Lean ont la m\u00eame longueur que les c\u00f4nes RAW Classic King Size, mais ils sont plus fins avec une pointe plus longue.<\/p>\n","protected":false},"featured_media":43448,"comment_status":"open","ping_status":"closed","template":"","meta":[],"product_brand":[],"product_cat":[2172],"product_tag":[],"class_list":{"0":"post-44407","1":"product","2":"type-product","3":"status-publish","4":"has-post-thumbnail","6":"product_cat-non-categorise","7":"yith_product_brand-raw-fr","9":"first","10":"onbackorder","11":"taxable","12":"shipping-taxable","13":"purchasable","14":"product-type-simple"},"_links":{"self":[{"href":"https:\/\/taste-it.ca\/fr\/wp-json\/wp\/v2\/product\/44407","targetHints":{"allow":["GET"]}}],"collection":[{"href":"https:\/\/taste-it.ca\/fr\/wp-json\/wp\/v2\/product"}],"about":[{"href":"https:\/\/taste-it.ca\/fr\/wp-json\/wp\/v2\/types\/product"}],"replies":[{"embeddable":true,"href":"https:\/\/taste-it.ca\/fr\/wp-json\/wp\/v2\/comments?post=44407"}],"wp:featuredmedia":[{"embeddable":true,"href":"https:\/\/taste-it.ca\/fr\/wp-json\/wp\/v2\/media\/43448"}],"wp:attachment":[{"href":"https:\/\/taste-it.ca\/fr\/wp-json\/wp\/v2\/media?parent=44407"}],"wp:term":[{"taxonomy":"product_brand","embeddable":true,"href":"https:\/\/taste-it.ca\/fr\/wp-json\/wp\/v2\/product_brand?post=44407"},{"taxonomy":"product_cat","embeddable":true,"href":"https:\/\/taste-it.ca\/fr\/wp-json\/wp\/v2\/product_cat?post=44407"},{"taxonomy":"product_tag","embeddable":true,"href":"https:\/\/taste-it.ca\/fr\/wp-json\/wp\/v2\/product_tag?post=44407"}],"curies":[{"name":"wp","href":"https:\/\/api.w.org\/{rel}","templated":true}]}}