{"id":44406,"date":"2025-10-09T09:03:04","date_gmt":"2025-10-09T13:03:04","guid":{"rendered":"https:\/\/taste-it.ca\/boutique\/non class\u00e9\/classic-natural-hemp-connoiseur-rolling-papers-with-tips-1-1-4-par-raw\/"},"modified":"2025-10-09T09:03:04","modified_gmt":"2025-10-09T13:03:04","slug":"classic-natural-hemp-connoiseur-rolling-papers-with-tips-1-1-4-par-raw","status":"publish","type":"product","link":"https:\/\/taste-it.ca\/fr\/product\/classic-natural-hemp-connoiseur-rolling-papers-with-tips-1-1-4-par-raw\/","title":{"rendered":"Classic Natural Hemp Connoiseur Rolling Papers with Tips, 1 1\/4 par Raw"},"content":{"rendered":"<p>Les feuilles \u00e0 rouler Connoisseur 1 1\/4 de RAW sont les plus propres et les plus pures, fabriqu\u00e9es \u00e0 partir de plantes enti\u00e8rement naturelles, sans craie, sans colorants et sans additifs de combustion. Chaque paquet Connoisseur est livr\u00e9 avec des filtres de haute qualit\u00e9 pour une filtration suppl\u00e9mentaire et pr\u00e9sente un filigrane brevet\u00e9 qui emp\u00eache les \u00e9coulements ind\u00e9sirables et assure des br\u00fblures parfaitement lisses. Ces feuilles sont le choix id\u00e9al pour les fumeurs qui pr\u00e9f\u00e8rent une fum\u00e9e plus longue et appr\u00e9cient de rouler eux-m\u00eames leurs c\u00f4nes.<\/p>\n<p><strong>Caract\u00e9ristiques<\/strong><\/p>\n<ul>\n<li>Naturellement non raffin\u00e9es<\/li>\n<li>Aucun additif<\/li>\n<li>Fabriqu\u00e9es \u00e0 partir de plantes<\/li>\n<li>Filigrane brevet\u00e9 en forme de croix pour une combustion uniforme<\/li>\n<li>Filtres inclus<\/li>\n<li>Dimensions : 78 mm x 44 mm<\/li>\n<li>50 feuilles \/ carnet<\/li>\n<li>50 filtres \/ carnet<\/li>\n<\/ul>\n","protected":false},"excerpt":{"rendered":"<p>Les feuilles \u00e0 rouler Connoisseur 1 1\/4 de RAW sont les plus propres et les plus pures, fabriqu\u00e9es \u00e0 partir de plantes enti\u00e8rement naturelles, sans craie, sans colorants et sans additifs de combustion.<\/p>\n","protected":false},"featured_media":43446,"comment_status":"open","ping_status":"closed","template":"","meta":[],"product_brand":[],"product_cat":[2172],"product_tag":[],"class_list":{"0":"post-44406","1":"product","2":"type-product","3":"status-publish","4":"has-post-thumbnail","6":"product_cat-non-categorise","7":"yith_product_brand-raw-fr","9":"first","10":"instock","11":"taxable","12":"shipping-taxable","13":"purchasable","14":"product-type-simple"},"_links":{"self":[{"href":"https:\/\/taste-it.ca\/fr\/wp-json\/wp\/v2\/product\/44406","targetHints":{"allow":["GET"]}}],"collection":[{"href":"https:\/\/taste-it.ca\/fr\/wp-json\/wp\/v2\/product"}],"about":[{"href":"https:\/\/taste-it.ca\/fr\/wp-json\/wp\/v2\/types\/product"}],"replies":[{"embeddable":true,"href":"https:\/\/taste-it.ca\/fr\/wp-json\/wp\/v2\/comments?post=44406"}],"wp:featuredmedia":[{"embeddable":true,"href":"https:\/\/taste-it.ca\/fr\/wp-json\/wp\/v2\/media\/43446"}],"wp:attachment":[{"href":"https:\/\/taste-it.ca\/fr\/wp-json\/wp\/v2\/media?parent=44406"}],"wp:term":[{"taxonomy":"product_brand","embeddable":true,"href":"https:\/\/taste-it.ca\/fr\/wp-json\/wp\/v2\/product_brand?post=44406"},{"taxonomy":"product_cat","embeddable":true,"href":"https:\/\/taste-it.ca\/fr\/wp-json\/wp\/v2\/product_cat?post=44406"},{"taxonomy":"product_tag","embeddable":true,"href":"https:\/\/taste-it.ca\/fr\/wp-json\/wp\/v2\/product_tag?post=44406"}],"curies":[{"name":"wp","href":"https:\/\/api.w.org\/{rel}","templated":true}]}}