{"id":44405,"date":"2025-10-09T09:03:04","date_gmt":"2025-10-09T13:03:04","guid":{"rendered":"https:\/\/taste-it.ca\/boutique\/non class\u00e9\/classic-natural-hemp-artesano-rolling-papers-with-tips-1-1-4-par-raw\/"},"modified":"2025-10-29T17:31:46","modified_gmt":"2025-10-29T21:31:46","slug":"classic-natural-hemp-artesano-rolling-papers-with-tips-1-1-4-par-raw","status":"publish","type":"product","link":"https:\/\/taste-it.ca\/fr\/product\/classic-natural-hemp-artesano-rolling-papers-with-tips-1-1-4-par-raw\/","title":{"rendered":"Classic Natural Hemp Artesano Rolling Papers with Tips 1 1\/4 par RAW"},"content":{"rendered":"<p>Le RAW Classic Artesano 1 1\/4 est le nec plus ultra en mati\u00e8re de portabilit\u00e9 roulante. Les papiers uniques Artesano sont fabriqu\u00e9s \u00e0 partir de chanvre pur, naturellement non blanchi, sans craie ni colorant ajout\u00e9s. Ce pack 3-en-1 combine des papiers \u00e0 rouler \u00e0 base de plantes Artesano, des embouts originaux et un plateau \u00e0 rouler \u00e0 ressort int\u00e9gr\u00e9 pour un roulement \u00e0 la main pratique et une portabilit\u00e9 maximale. En outre, le pack Artesano pr\u00e9sente \u00e9galement un design adapt\u00e9 aux poches, s\u00e9curis\u00e9 par des aimants et un plateau amovible pour une utilisation ult\u00e9rieure.<\/p>\n<p>Fonctionnalit\u00e9s<\/p>\n<p>\u2013 Naturellement non raffin\u00e9<br \/>\n\u2013 Sans additifs<br \/>\n\u2013 A base de plantes<br \/>\n\u2013 Filigrane entrecrois\u00e9 brevet\u00e9<br \/>\n\u2013 filtre inclus<br \/>\n\u2013 Plateau de roulement \u00e0 ressort int\u00e9gr\u00e9<br \/>\n\u2013 Taille : 76 mm x 44 mm<br \/>\n\u2013 50 papiers \/ livret<\/p>\n","protected":false},"excerpt":{"rendered":"<p>Le RAW Classic Artesano 1 1\/4 est le nec plus ultra en mati\u00e8re de portabilit\u00e9 roulante. <\/p>\n","protected":false},"featured_media":43444,"comment_status":"open","ping_status":"closed","template":"","meta":[],"product_brand":[],"product_cat":[2172],"product_tag":[],"class_list":{"0":"post-44405","1":"product","2":"type-product","3":"status-publish","4":"has-post-thumbnail","6":"product_cat-non-categorise","7":"yith_product_brand-raw-fr","9":"first","10":"instock","11":"taxable","12":"shipping-taxable","13":"purchasable","14":"product-type-simple"},"_links":{"self":[{"href":"https:\/\/taste-it.ca\/fr\/wp-json\/wp\/v2\/product\/44405","targetHints":{"allow":["GET"]}}],"collection":[{"href":"https:\/\/taste-it.ca\/fr\/wp-json\/wp\/v2\/product"}],"about":[{"href":"https:\/\/taste-it.ca\/fr\/wp-json\/wp\/v2\/types\/product"}],"replies":[{"embeddable":true,"href":"https:\/\/taste-it.ca\/fr\/wp-json\/wp\/v2\/comments?post=44405"}],"wp:featuredmedia":[{"embeddable":true,"href":"https:\/\/taste-it.ca\/fr\/wp-json\/wp\/v2\/media\/43444"}],"wp:attachment":[{"href":"https:\/\/taste-it.ca\/fr\/wp-json\/wp\/v2\/media?parent=44405"}],"wp:term":[{"taxonomy":"product_brand","embeddable":true,"href":"https:\/\/taste-it.ca\/fr\/wp-json\/wp\/v2\/product_brand?post=44405"},{"taxonomy":"product_cat","embeddable":true,"href":"https:\/\/taste-it.ca\/fr\/wp-json\/wp\/v2\/product_cat?post=44405"},{"taxonomy":"product_tag","embeddable":true,"href":"https:\/\/taste-it.ca\/fr\/wp-json\/wp\/v2\/product_tag?post=44405"}],"curies":[{"name":"wp","href":"https:\/\/api.w.org\/{rel}","templated":true}]}}