{"id":44404,"date":"2025-10-09T09:03:04","date_gmt":"2025-10-09T13:03:04","guid":{"rendered":"https:\/\/taste-it.ca\/boutique\/non class\u00e9\/classic-natural-300s-unrefined-rolling-papers-1-1-4-par-raw\/"},"modified":"2025-10-09T09:03:04","modified_gmt":"2025-10-09T13:03:04","slug":"classic-natural-300s-unrefined-rolling-papers-1-1-4-par-raw","status":"publish","type":"product","link":"https:\/\/taste-it.ca\/fr\/product\/classic-natural-300s-unrefined-rolling-papers-1-1-4-par-raw\/","title":{"rendered":"Classic Natural 300s Unrefined Rolling Papers, 1 1\/4 par RAW"},"content":{"rendered":"<p>Les papiers \u00e0 rouler RAW Classic Natural 300s non raffin\u00e9s 1 1\/4, qui suivent le style original des papiers \u00e0 rouler, sont parfaitement fabriqu\u00e9s \u00e0 partir de fibres v\u00e9g\u00e9tales naturellement non blanchies et finis avec la gomme naturelle la plus pure pour une combustion constante et stable. Ces papiers v\u00e9g\u00e9taliens sont dot\u00e9s d&rsquo;un filigrane unique emp\u00eachant les coulures avec un motif \u00e0 tissage crois\u00e9 pour une combustion lente, uniforme et lisse \u00e0 chaque fois.<\/p>\n<p>Fonctionnalit\u00e9s<\/p>\n<p>\u2013 Naturellement non raffin\u00e9<br \/>\n\u2013 Sans additifs<br \/>\n\u2013 A base de plantes<br \/>\n\u2013 Filigrane entrecrois\u00e9 brevet\u00e9<br \/>\n\u2013 Emballages plats et sans plis<br \/>\n\u2013 Taille : 76 mm x 44 mm<br \/>\n\u2013 300 papiers \/ livret<\/p>\n","protected":false},"excerpt":{"rendered":"<p>Les papiers \u00e0 rouler RAW Classic Natural 300s non raffin\u00e9s 1 1\/4, qui suivent le style original des papiers \u00e0 rouler, sont parfaitement fabriqu\u00e9s \u00e0 partir de fibres v\u00e9g\u00e9tales naturellement non blanchies.<\/p>\n","protected":false},"featured_media":43442,"comment_status":"open","ping_status":"closed","template":"","meta":[],"product_brand":[],"product_cat":[2172],"product_tag":[],"class_list":{"0":"post-44404","1":"product","2":"type-product","3":"status-publish","4":"has-post-thumbnail","6":"product_cat-non-categorise","7":"yith_product_brand-raw-fr","9":"first","10":"instock","11":"taxable","12":"shipping-taxable","13":"purchasable","14":"product-type-simple"},"_links":{"self":[{"href":"https:\/\/taste-it.ca\/fr\/wp-json\/wp\/v2\/product\/44404","targetHints":{"allow":["GET"]}}],"collection":[{"href":"https:\/\/taste-it.ca\/fr\/wp-json\/wp\/v2\/product"}],"about":[{"href":"https:\/\/taste-it.ca\/fr\/wp-json\/wp\/v2\/types\/product"}],"replies":[{"embeddable":true,"href":"https:\/\/taste-it.ca\/fr\/wp-json\/wp\/v2\/comments?post=44404"}],"wp:featuredmedia":[{"embeddable":true,"href":"https:\/\/taste-it.ca\/fr\/wp-json\/wp\/v2\/media\/43442"}],"wp:attachment":[{"href":"https:\/\/taste-it.ca\/fr\/wp-json\/wp\/v2\/media?parent=44404"}],"wp:term":[{"taxonomy":"product_brand","embeddable":true,"href":"https:\/\/taste-it.ca\/fr\/wp-json\/wp\/v2\/product_brand?post=44404"},{"taxonomy":"product_cat","embeddable":true,"href":"https:\/\/taste-it.ca\/fr\/wp-json\/wp\/v2\/product_cat?post=44404"},{"taxonomy":"product_tag","embeddable":true,"href":"https:\/\/taste-it.ca\/fr\/wp-json\/wp\/v2\/product_tag?post=44404"}],"curies":[{"name":"wp","href":"https:\/\/api.w.org\/{rel}","templated":true}]}}