{"id":44402,"date":"2025-10-09T09:03:04","date_gmt":"2025-10-09T13:03:04","guid":{"rendered":"https:\/\/taste-it.ca\/boutique\/non class\u00e9\/chocolate-chip-cookie-leaf-rolling-papers-1-1-4-par-juicy-jays\/"},"modified":"2025-10-09T09:03:04","modified_gmt":"2025-10-09T13:03:04","slug":"chocolate-chip-cookie-leaf-rolling-papers-1-1-4-par-juicy-jays","status":"publish","type":"product","link":"https:\/\/taste-it.ca\/fr\/product\/chocolate-chip-cookie-leaf-rolling-papers-1-1-4-par-juicy-jays\/","title":{"rendered":"Chocolate Chip Cookie Leaf Rolling Papers, 1 1\/4 par Juicy Jay&rsquo;s"},"content":{"rendered":"<p>Ces feuilles \u00e0 rouler Juicy Jay&rsquo;s Super Fine Green Leaf sont ultra-minces et translucides. Les feuilles sont de taille 1 1\/4 et offrent un go\u00fbt naturel. En outre, elles poss\u00e8dent \u00e9galement un syst\u00e8me de triple trempage de saveur pour garantir des rouleaux savoureux et un joint extra serr\u00e9 pour maintenir la fra\u00eecheur.<\/p>\n<p><strong>Caract\u00e9ristiques:<\/strong><\/p>\n<ul>\n<li>Au go\u00fbt cookie aux p\u00e9pites de chocolat<\/li>\n<li>Syst\u00e8me de triple trempage de saveur<\/li>\n<li>Marque d&rsquo;eau r\u00e9volutionnaire<\/li>\n<li>Feuilles ultra-minces et translucides<\/li>\n<li>Colle naturelle \u00e0 base de plantes<\/li>\n<li>Taille: 78 mm x 44 mm<\/li>\n<li>32 feuilles \/ paquet<\/li>\n<\/ul>\n","protected":false},"excerpt":{"rendered":"<p>Ces feuilles \u00e0 rouler Juicy Jay&rsquo;s Super Fine Green Leaf sont ultra-minces et translucides.<\/p>\n","protected":false},"featured_media":43438,"comment_status":"open","ping_status":"closed","template":"","meta":[],"product_brand":[],"product_cat":[2172],"product_tag":[2373],"class_list":{"0":"post-44402","1":"product","2":"type-product","3":"status-publish","4":"has-post-thumbnail","6":"product_cat-non-categorise","7":"product_tag-chocolat","8":"yith_product_brand-juicy-jays-fr","10":"first","11":"instock","12":"taxable","13":"shipping-taxable","14":"purchasable","15":"product-type-simple"},"_links":{"self":[{"href":"https:\/\/taste-it.ca\/fr\/wp-json\/wp\/v2\/product\/44402","targetHints":{"allow":["GET"]}}],"collection":[{"href":"https:\/\/taste-it.ca\/fr\/wp-json\/wp\/v2\/product"}],"about":[{"href":"https:\/\/taste-it.ca\/fr\/wp-json\/wp\/v2\/types\/product"}],"replies":[{"embeddable":true,"href":"https:\/\/taste-it.ca\/fr\/wp-json\/wp\/v2\/comments?post=44402"}],"wp:featuredmedia":[{"embeddable":true,"href":"https:\/\/taste-it.ca\/fr\/wp-json\/wp\/v2\/media\/43438"}],"wp:attachment":[{"href":"https:\/\/taste-it.ca\/fr\/wp-json\/wp\/v2\/media?parent=44402"}],"wp:term":[{"taxonomy":"product_brand","embeddable":true,"href":"https:\/\/taste-it.ca\/fr\/wp-json\/wp\/v2\/product_brand?post=44402"},{"taxonomy":"product_cat","embeddable":true,"href":"https:\/\/taste-it.ca\/fr\/wp-json\/wp\/v2\/product_cat?post=44402"},{"taxonomy":"product_tag","embeddable":true,"href":"https:\/\/taste-it.ca\/fr\/wp-json\/wp\/v2\/product_tag?post=44402"}],"curies":[{"name":"wp","href":"https:\/\/api.w.org\/{rel}","templated":true}]}}