{"id":44396,"date":"2025-10-09T09:03:03","date_gmt":"2025-10-09T13:03:03","guid":{"rendered":"https:\/\/taste-it.ca\/boutique\/non class\u00e9\/caramel-vanilla-latte-limited-edition-candle-par-smoke-odor-exterminator\/"},"modified":"2025-10-09T09:03:03","modified_gmt":"2025-10-09T13:03:03","slug":"caramel-vanilla-latte-limited-edition-candle-par-smoke-odor-exterminator","status":"publish","type":"product","link":"https:\/\/taste-it.ca\/fr\/product\/caramel-vanilla-latte-limited-edition-candle-par-smoke-odor-exterminator\/","title":{"rendered":"Caramel Vanilla Latte Limited Edition Candle par Smoke Odor Exterminator"},"content":{"rendered":"<p>Les bougies Smoke Odor Exterminator au parfum Caramel Vanille Latte diffusent un doux parfum de boulanger avec un m\u00e9lange de caramel et de vanille et une nuance de caf\u00e9.<\/p>\n<p>Ce sont des bougies formul\u00e9es avec des enzymes qui attaquent et d\u00e9composent parfaitement les odeurs d\u00e9sagr\u00e9ables, allant des cigarettes, pipes, cigares, animaux de compagnie aux autres odeurs de la maison.<\/p>\n<p><b>Caract\u00e9ristiques<\/b><\/p>\n<ul>\n<li><span style=\"font-weight: 400;\">Id\u00e9al pour enlever la fum\u00e9e ind\u00e9sirable de cigarettes, pipes, cigares, animaux de compagnie, etc.<\/span><\/li>\n<li><span style=\"font-weight: 400;\">Parfum : latte vanille caramel<\/span><\/li>\n<li><span style=\"font-weight: 400;\">Notes de fragrance : caf\u00e9, sucr\u00e9, vanille<\/span><\/li>\n<li><span style=\"font-weight: 400;\">Formul\u00e9 avec des enzymes<\/span><\/li>\n<li><span style=\"font-weight: 400;\">Dur\u00e9e de combustion : jusqu&rsquo;\u00e0 70 heures<\/span><\/li>\n<li><span style=\"font-weight: 400;\">Poids : 13 oz<\/span><\/li>\n<\/ul>\n","protected":false},"excerpt":{"rendered":"<p>Les bougies Smoke Odor Exterminator au parfum Caramel Vanille Latte diffusent un doux parfum de boulanger avec un m\u00e9lange de caramel et de vanille et une nuance de caf\u00e9.<\/p>\n","protected":false},"featured_media":43430,"comment_status":"open","ping_status":"closed","template":"","meta":[],"product_brand":[],"product_cat":[2172],"product_tag":[2249,2663],"class_list":{"0":"post-44396","1":"product","2":"type-product","3":"status-publish","4":"has-post-thumbnail","6":"product_cat-non-categorise","7":"product_tag-caramel-fr","8":"product_tag-vanilla-fr","9":"yith_product_brand-smoke-odor-fr","11":"first","12":"onbackorder","13":"taxable","14":"shipping-taxable","15":"purchasable","16":"product-type-simple"},"_links":{"self":[{"href":"https:\/\/taste-it.ca\/fr\/wp-json\/wp\/v2\/product\/44396","targetHints":{"allow":["GET"]}}],"collection":[{"href":"https:\/\/taste-it.ca\/fr\/wp-json\/wp\/v2\/product"}],"about":[{"href":"https:\/\/taste-it.ca\/fr\/wp-json\/wp\/v2\/types\/product"}],"replies":[{"embeddable":true,"href":"https:\/\/taste-it.ca\/fr\/wp-json\/wp\/v2\/comments?post=44396"}],"wp:featuredmedia":[{"embeddable":true,"href":"https:\/\/taste-it.ca\/fr\/wp-json\/wp\/v2\/media\/43430"}],"wp:attachment":[{"href":"https:\/\/taste-it.ca\/fr\/wp-json\/wp\/v2\/media?parent=44396"}],"wp:term":[{"taxonomy":"product_brand","embeddable":true,"href":"https:\/\/taste-it.ca\/fr\/wp-json\/wp\/v2\/product_brand?post=44396"},{"taxonomy":"product_cat","embeddable":true,"href":"https:\/\/taste-it.ca\/fr\/wp-json\/wp\/v2\/product_cat?post=44396"},{"taxonomy":"product_tag","embeddable":true,"href":"https:\/\/taste-it.ca\/fr\/wp-json\/wp\/v2\/product_tag?post=44396"}],"curies":[{"name":"wp","href":"https:\/\/api.w.org\/{rel}","templated":true}]}}