{"id":44394,"date":"2025-10-09T10:22:25","date_gmt":"2025-10-09T14:22:25","guid":{"rendered":"https:\/\/taste-it.ca\/boutique\/non class\u00e9\/bubble-gum-leaf-rolling-papers-1-1-4-par-juicy-jays\/"},"modified":"2025-10-09T10:22:25","modified_gmt":"2025-10-09T14:22:25","slug":"bubble-gum-leaf-rolling-papers-1-1-4-par-juicy-jays","status":"publish","type":"product","link":"https:\/\/taste-it.ca\/fr\/product\/bubble-gum-leaf-rolling-papers-1-1-4-par-juicy-jays\/","title":{"rendered":"Bubble Gum Leaf Rolling Papers, 1 1\/4 par Juicy Jay&rsquo;s"},"content":{"rendered":"<div class=\"w-full border-b border-black\/10 dark:border-gray-900\/50 text-gray-800 dark:text-gray-100 group bg-gray-50 dark:bg-[#444654]\">\n<div class=\"text-base gap-4 md:gap-6 m-auto md:max-w-2xl lg:max-w-2xl xl:max-w-3xl p-4 md:py-6 flex lg:px-0\">\n<div class=\"relative flex w-[calc(100%-50px)] md:flex-col lg:w-[calc(100%-115px)]\">\n<div class=\"flex flex-grow flex-col gap-3\">\n<div class=\"min-h-[20px] flex flex-col items-start gap-4 whitespace-pre-wrap\">\n<div class=\"markdown prose w-full break-words dark:prose-invert light\">\n<p>Les papiers \u00e0 rouler Juicy Jay aromatis\u00e9s au bubble gum sont fabriqu\u00e9s \u00e0 partir de gomme d&rsquo;acacia gunlime avec un go\u00fbt naturel. En outre, ils disposent d&rsquo;un syst\u00e8me de triple trempage de saveur pour garantir des rouleaux savoureux et d&rsquo;un joint extra-\u00e9tanche pour maintenir la fra\u00eecheur. Chaque paquet contient 32 feuilles en taille 1 1\/4.<\/p>\n<\/div>\n<\/div>\n<\/div>\n<div class=\"text-gray-400 flex self-end lg:self-center justify-center mt-2 gap-4 lg:gap-1 lg:absolute lg:top-0 lg:translate-x-full lg:right-0 lg:mt-0 lg:pl-2 visible\"><strong>Caract\u00e9ristiques:<\/strong><\/div>\n<\/div>\n<\/div>\n<\/div>\n<ul>\n<li>Au go\u00fbt Bubble gum<\/li>\n<li>Syst\u00e8me de triple trempage de saveur<\/li>\n<li>Marque d&rsquo;eau r\u00e9volutionnaire<\/li>\n<li>Feuilles ultra-minces et translucides<\/li>\n<li>Colle naturelle \u00e0 base de plantes<\/li>\n<li>Taille: 78 mm x 44 mm<\/li>\n<li>32 feuilles \/ paquet<\/li>\n<\/ul>\n","protected":false},"excerpt":{"rendered":"<p>Les papiers \u00e0 rouler Juicy Jay aromatis\u00e9s au bubble gum sont fabriqu\u00e9s \u00e0 partir de gomme d&rsquo;acacia gunlime avec un go\u00fbt naturel.<\/p>\n","protected":false},"featured_media":43998,"comment_status":"open","ping_status":"closed","template":"","meta":[],"product_brand":[],"product_cat":[2172],"product_tag":[],"class_list":{"0":"post-44394","1":"product","2":"type-product","3":"status-publish","4":"has-post-thumbnail","6":"product_cat-non-categorise","7":"yith_product_brand-juicy-jays-fr","9":"first","10":"instock","11":"taxable","12":"shipping-taxable","13":"purchasable","14":"product-type-simple"},"_links":{"self":[{"href":"https:\/\/taste-it.ca\/fr\/wp-json\/wp\/v2\/product\/44394","targetHints":{"allow":["GET"]}}],"collection":[{"href":"https:\/\/taste-it.ca\/fr\/wp-json\/wp\/v2\/product"}],"about":[{"href":"https:\/\/taste-it.ca\/fr\/wp-json\/wp\/v2\/types\/product"}],"replies":[{"embeddable":true,"href":"https:\/\/taste-it.ca\/fr\/wp-json\/wp\/v2\/comments?post=44394"}],"wp:featuredmedia":[{"embeddable":true,"href":"https:\/\/taste-it.ca\/fr\/wp-json\/wp\/v2\/media\/43998"}],"wp:attachment":[{"href":"https:\/\/taste-it.ca\/fr\/wp-json\/wp\/v2\/media?parent=44394"}],"wp:term":[{"taxonomy":"product_brand","embeddable":true,"href":"https:\/\/taste-it.ca\/fr\/wp-json\/wp\/v2\/product_brand?post=44394"},{"taxonomy":"product_cat","embeddable":true,"href":"https:\/\/taste-it.ca\/fr\/wp-json\/wp\/v2\/product_cat?post=44394"},{"taxonomy":"product_tag","embeddable":true,"href":"https:\/\/taste-it.ca\/fr\/wp-json\/wp\/v2\/product_tag?post=44394"}],"curies":[{"name":"wp","href":"https:\/\/api.w.org\/{rel}","templated":true}]}}