{"id":44392,"date":"2025-10-09T09:02:44","date_gmt":"2025-10-09T13:02:44","guid":{"rendered":"https:\/\/taste-it.ca\/boutique\/non class\u00e9\/brown-unbleached-rolling-papers-1-1-4-par-smoking\/"},"modified":"2025-10-09T09:02:44","modified_gmt":"2025-10-09T13:02:44","slug":"brown-unbleached-rolling-papers-1-1-4-par-smoking","status":"publish","type":"product","link":"https:\/\/taste-it.ca\/fr\/product\/brown-unbleached-rolling-papers-1-1-4-par-smoking\/","title":{"rendered":"Brown Unbleached Rolling Papers, 1 1\/4 par Smoking"},"content":{"rendered":"<p>Les feuilles \u00e0 rouler Smoking Brown Unbleached sont des feuilles ultrafines de qualit\u00e9 sup\u00e9rieure. Fabriqu\u00e9s \u00e0 partir de papiers naturels, non blanchis et extra-fins qui br\u00fblent doucement et lentement, ces papiers \u00e0 fumer offrent un go\u00fbt de fumer 100 % naturel. Chaque livret est livr\u00e9 avec 50 feuilles de format 1 1\/4 .<\/p>\n<p>Caract\u00e9ristiques<\/p>\n<p>\u2013 Papiers ultrafins<br \/>\n\u2013 Non blanchi sans chlore<br \/>\n\u2013 Fumer en filigrane<br \/>\n\u2013 Gomme v\u00e9g\u00e9tale 100% naturelle sans colorants ni additifs<br \/>\n\u2013 Certifi\u00e9 FSC\u00ae<br \/>\n\u2013 Dimensions : 77 mm x 44 mm<br \/>\n\u2013 Poids : 13 g\/m2<br \/>\n\u2013 50 papiers\/livret<\/p>\n","protected":false},"excerpt":{"rendered":"<p>Les feuilles \u00e0 rouler Smoking Brown Unbleached sont des feuilles ultrafines de qualit\u00e9 sup\u00e9rieure.<\/p>\n","protected":false},"featured_media":43372,"comment_status":"open","ping_status":"closed","template":"","meta":[],"product_brand":[],"product_cat":[2172],"product_tag":[],"class_list":{"0":"post-44392","1":"product","2":"type-product","3":"status-publish","4":"has-post-thumbnail","6":"product_cat-non-categorise","7":"yith_product_brand-smoking-fr","9":"first","10":"instock","11":"taxable","12":"shipping-taxable","13":"purchasable","14":"product-type-simple"},"_links":{"self":[{"href":"https:\/\/taste-it.ca\/fr\/wp-json\/wp\/v2\/product\/44392","targetHints":{"allow":["GET"]}}],"collection":[{"href":"https:\/\/taste-it.ca\/fr\/wp-json\/wp\/v2\/product"}],"about":[{"href":"https:\/\/taste-it.ca\/fr\/wp-json\/wp\/v2\/types\/product"}],"replies":[{"embeddable":true,"href":"https:\/\/taste-it.ca\/fr\/wp-json\/wp\/v2\/comments?post=44392"}],"wp:featuredmedia":[{"embeddable":true,"href":"https:\/\/taste-it.ca\/fr\/wp-json\/wp\/v2\/media\/43372"}],"wp:attachment":[{"href":"https:\/\/taste-it.ca\/fr\/wp-json\/wp\/v2\/media?parent=44392"}],"wp:term":[{"taxonomy":"product_brand","embeddable":true,"href":"https:\/\/taste-it.ca\/fr\/wp-json\/wp\/v2\/product_brand?post=44392"},{"taxonomy":"product_cat","embeddable":true,"href":"https:\/\/taste-it.ca\/fr\/wp-json\/wp\/v2\/product_cat?post=44392"},{"taxonomy":"product_tag","embeddable":true,"href":"https:\/\/taste-it.ca\/fr\/wp-json\/wp\/v2\/product_tag?post=44392"}],"curies":[{"name":"wp","href":"https:\/\/api.w.org\/{rel}","templated":true}]}}