{"id":44391,"date":"2025-10-09T09:02:44","date_gmt":"2025-10-09T13:02:44","guid":{"rendered":"https:\/\/taste-it.ca\/boutique\/non%20class\u00e9\/brown-unbleached-double-rolling-papers-single-wide-par-smoking\/"},"modified":"2025-10-10T10:38:02","modified_gmt":"2025-10-10T14:38:02","slug":"brown-unbleached-double-rolling-papers-single-wide-par-smoking","status":"publish","type":"product","link":"https:\/\/taste-it.ca\/fr\/product\/brown-unbleached-double-rolling-papers-single-wide-par-smoking\/","title":{"rendered":"Brown Unbleached Double Rolling Papers, Single Wide par Smoking"},"content":{"rendered":"<p>Les feuilles \u00e0 rouler Smoking Brown Unbleached sont des feuilles ultrafines de qualit\u00e9 sup\u00e9rieure. Fabriqu\u00e9s \u00e0 partir de papiers naturels, non blanchis et extra-fins qui br\u00fblent doucement et lentement, ces papiers \u00e0 fumer offrent un go\u00fbt de fumer 100 % naturel. Chaque livret est livr\u00e9 avec 120 feuilles \u00e0 rouler simples et larges dans une configuration \u00e0 double alimentation, suffisamment pour fumer pendant longtemps.<\/p>\n<p><strong>Caract\u00e9ristiques<\/strong><\/p>\n<ul>\n<li>\u2013 Papiers ultrafins<\/li>\n<li>\u2013 Non blanchi sans chlore<\/li>\n<li>\u2013 Fumer en filigrane<\/li>\n<li>\u2013 Gomme v\u00e9g\u00e9tale 100% naturelle sans colorants ni additifs<\/li>\n<li>\u2013 Certifi\u00e9 FSC\u00ae<\/li>\n<li>\u2013 Dimensions : 69 mm x 37 mm<\/li>\n<li>\u2013 Poids : 13 g\/m2<br \/>\n\u2013 120 papier\/livret<\/li>\n<\/ul>\n","protected":false},"excerpt":{"rendered":"<p>Les feuilles \u00e0 rouler Smoking Brown Unbleached sont des feuilles ultrafines de qualit\u00e9 sup\u00e9rieure.<\/p>\n","protected":false},"featured_media":43374,"comment_status":"open","ping_status":"closed","template":"","meta":[],"product_brand":[],"product_cat":[2172],"product_tag":[],"class_list":{"0":"post-44391","1":"product","2":"type-product","3":"status-publish","4":"has-post-thumbnail","6":"product_cat-non-categorise","7":"yith_product_brand-smoking-fr","9":"first","10":"instock","11":"taxable","12":"shipping-taxable","13":"purchasable","14":"product-type-simple"},"_links":{"self":[{"href":"https:\/\/taste-it.ca\/fr\/wp-json\/wp\/v2\/product\/44391","targetHints":{"allow":["GET"]}}],"collection":[{"href":"https:\/\/taste-it.ca\/fr\/wp-json\/wp\/v2\/product"}],"about":[{"href":"https:\/\/taste-it.ca\/fr\/wp-json\/wp\/v2\/types\/product"}],"replies":[{"embeddable":true,"href":"https:\/\/taste-it.ca\/fr\/wp-json\/wp\/v2\/comments?post=44391"}],"wp:featuredmedia":[{"embeddable":true,"href":"https:\/\/taste-it.ca\/fr\/wp-json\/wp\/v2\/media\/43374"}],"wp:attachment":[{"href":"https:\/\/taste-it.ca\/fr\/wp-json\/wp\/v2\/media?parent=44391"}],"wp:term":[{"taxonomy":"product_brand","embeddable":true,"href":"https:\/\/taste-it.ca\/fr\/wp-json\/wp\/v2\/product_brand?post=44391"},{"taxonomy":"product_cat","embeddable":true,"href":"https:\/\/taste-it.ca\/fr\/wp-json\/wp\/v2\/product_cat?post=44391"},{"taxonomy":"product_tag","embeddable":true,"href":"https:\/\/taste-it.ca\/fr\/wp-json\/wp\/v2\/product_tag?post=44391"}],"curies":[{"name":"wp","href":"https:\/\/api.w.org\/{rel}","templated":true}]}}