{"id":44390,"date":"2025-10-09T09:02:44","date_gmt":"2025-10-09T13:02:44","guid":{"rendered":"https:\/\/taste-it.ca\/boutique\/non class\u00e9\/brown-pre-roll-cones-6-pck-1-1-4-par-smoking\/"},"modified":"2026-02-10T17:50:06","modified_gmt":"2026-02-10T22:50:06","slug":"brown-pre-roll-cones-6-pck-1-1-4-par-smoking","status":"publish","type":"product","link":"https:\/\/taste-it.ca\/fr\/product\/brown-pre-roll-cones-6-pck-1-1-4-par-smoking\/","title":{"rendered":"Brown Pre-Roll Cones (6\/PCK), 1 1\/4 par Smoking"},"content":{"rendered":"<p>Les c\u00f4nes Smoking Brown sont des c\u00f4nes en papier pr\u00e9-roul\u00e9 non blanchi. Ils ont une longueur totale de 83 mm avec une pointe de filtre non blanchie. Ces c\u00f4nes sont 100 % v\u00e9g\u00e9taliens, offrant une exp\u00e9rience de fumage pure et naturelle.<\/p>\n","protected":false},"excerpt":{"rendered":"<p>Les c\u00f4nes Smoking Brown sont des c\u00f4nes en papier pr\u00e9-roul\u00e9 non blanchi.<\/p>\n","protected":false},"featured_media":43632,"comment_status":"open","ping_status":"closed","template":"","meta":[],"product_brand":[],"product_cat":[2172],"product_tag":[],"class_list":{"0":"post-44390","1":"product","2":"type-product","3":"status-publish","4":"has-post-thumbnail","6":"product_cat-non-categorise","7":"yith_product_brand-smoking-fr","9":"first","10":"instock","11":"taxable","12":"shipping-taxable","13":"purchasable","14":"product-type-simple"},"_links":{"self":[{"href":"https:\/\/taste-it.ca\/fr\/wp-json\/wp\/v2\/product\/44390","targetHints":{"allow":["GET"]}}],"collection":[{"href":"https:\/\/taste-it.ca\/fr\/wp-json\/wp\/v2\/product"}],"about":[{"href":"https:\/\/taste-it.ca\/fr\/wp-json\/wp\/v2\/types\/product"}],"replies":[{"embeddable":true,"href":"https:\/\/taste-it.ca\/fr\/wp-json\/wp\/v2\/comments?post=44390"}],"wp:featuredmedia":[{"embeddable":true,"href":"https:\/\/taste-it.ca\/fr\/wp-json\/wp\/v2\/media\/43632"}],"wp:attachment":[{"href":"https:\/\/taste-it.ca\/fr\/wp-json\/wp\/v2\/media?parent=44390"}],"wp:term":[{"taxonomy":"product_brand","embeddable":true,"href":"https:\/\/taste-it.ca\/fr\/wp-json\/wp\/v2\/product_brand?post=44390"},{"taxonomy":"product_cat","embeddable":true,"href":"https:\/\/taste-it.ca\/fr\/wp-json\/wp\/v2\/product_cat?post=44390"},{"taxonomy":"product_tag","embeddable":true,"href":"https:\/\/taste-it.ca\/fr\/wp-json\/wp\/v2\/product_tag?post=44390"}],"curies":[{"name":"wp","href":"https:\/\/api.w.org\/{rel}","templated":true}]}}