{"id":44385,"date":"2025-10-09T10:38:26","date_gmt":"2025-10-09T14:38:26","guid":{"rendered":"https:\/\/taste-it.ca\/boutique\/non%20class\u00e9\/brass-screen-jar-par-randys\/"},"modified":"2025-10-10T10:52:55","modified_gmt":"2025-10-10T14:52:55","slug":"brass-screen-jar-par-randys","status":"publish","type":"product","link":"https:\/\/taste-it.ca\/fr\/product\/brass-screen-jar-par-randys\/","title":{"rendered":"Brass Screen Jar par Randy&rsquo;s"},"content":{"rendered":"<p>Tamis en cuivre de haute qualit\u00e9. Avec ces cribles pr\u00e9-ensach\u00e9s, plus besoin de peser et d&rsquo;ensacher les cribles \u00e0 la main !<\/p>\n<p><strong>Caract\u00e9ristiques<\/strong><\/p>\n<ul>\n<li>\u2013 Chaque sac contient 20 \u00e9crans<\/li>\n<li>\u2013 Disponible en 4 diam\u00e8tres de tamis : 0.500\u2019\u2019 (1\/2), 0.625\u2019\u2019 (5\/8), 0.750\u2019\u2019 (3\/4) et 0.812\u2019\u2019 (13\/16)<\/li>\n<\/ul>\n<p><strong>Comment \u00e7a fonctionne:<\/strong><\/p>\n<ol>\n<li>Prenez simplement 1 tamis \u00e0 mailles et moulez-le pour qu&rsquo;il s&rsquo;adapte parfaitement au fond du bol de votre pi\u00e8ce pr\u00e9f\u00e9r\u00e9e.<\/li>\n<li>Placez votre herbe s\u00e8che pr\u00e9f\u00e9r\u00e9e juste sur le dessus et vous \u00eates pr\u00eat \u00e0 profiter d&rsquo;une exp\u00e9rience de fumage sans d\u00e9bris\u00a0!<\/li>\n<\/ol>\n","protected":false},"excerpt":{"rendered":"<p>Tamis en cuivre de haute qualit\u00e9. Avec ces cribles pr\u00e9-ensach\u00e9s, plus besoin de peser et d&rsquo;ensacher les cribles \u00e0 la main !<\/p>\n","protected":false},"featured_media":43368,"comment_status":"open","ping_status":"closed","template":"","meta":[],"product_brand":[],"product_cat":[2172],"product_tag":[],"class_list":{"0":"post-44385","1":"product","2":"type-product","3":"status-publish","4":"has-post-thumbnail","6":"product_cat-non-categorise","7":"yith_product_brand-randys-fr","9":"first","10":"outofstock","11":"taxable","12":"shipping-taxable","13":"purchasable","14":"product-type-variable"},"_links":{"self":[{"href":"https:\/\/taste-it.ca\/fr\/wp-json\/wp\/v2\/product\/44385","targetHints":{"allow":["GET"]}}],"collection":[{"href":"https:\/\/taste-it.ca\/fr\/wp-json\/wp\/v2\/product"}],"about":[{"href":"https:\/\/taste-it.ca\/fr\/wp-json\/wp\/v2\/types\/product"}],"replies":[{"embeddable":true,"href":"https:\/\/taste-it.ca\/fr\/wp-json\/wp\/v2\/comments?post=44385"}],"wp:featuredmedia":[{"embeddable":true,"href":"https:\/\/taste-it.ca\/fr\/wp-json\/wp\/v2\/media\/43368"}],"wp:attachment":[{"href":"https:\/\/taste-it.ca\/fr\/wp-json\/wp\/v2\/media?parent=44385"}],"wp:term":[{"taxonomy":"product_brand","embeddable":true,"href":"https:\/\/taste-it.ca\/fr\/wp-json\/wp\/v2\/product_brand?post=44385"},{"taxonomy":"product_cat","embeddable":true,"href":"https:\/\/taste-it.ca\/fr\/wp-json\/wp\/v2\/product_cat?post=44385"},{"taxonomy":"product_tag","embeddable":true,"href":"https:\/\/taste-it.ca\/fr\/wp-json\/wp\/v2\/product_tag?post=44385"}],"curies":[{"name":"wp","href":"https:\/\/api.w.org\/{rel}","templated":true}]}}