{"id":44380,"date":"2025-10-09T10:22:26","date_gmt":"2025-10-09T14:22:26","guid":{"rendered":"https:\/\/taste-it.ca\/boutique\/non class\u00e9\/blackberry-brandy-leaf-rolling-papers-1-1-4-par-juicy-jays\/"},"modified":"2025-10-09T10:22:26","modified_gmt":"2025-10-09T14:22:26","slug":"blackberry-brandy-leaf-rolling-papers-1-1-4-par-juicy-jays","status":"publish","type":"product","link":"https:\/\/taste-it.ca\/fr\/product\/blackberry-brandy-leaf-rolling-papers-1-1-4-par-juicy-jays\/","title":{"rendered":"Blackberry Brandy Leaf Rolling Papers, 1 1\/4 par Juicy Jay&rsquo;s"},"content":{"rendered":"<p>Les papiers \u00e0 rouler Juicy Jay&rsquo;s, aromatis\u00e9s au brandy de m\u00fbre, sont fabriqu\u00e9s \u00e0 partir de gomme d&rsquo;acacia pour un go\u00fbt naturel. De plus, ils b\u00e9n\u00e9ficient d&rsquo;un syst\u00e8me d&rsquo;ar\u00f4me triple immersion pour garantir des rolls pleins de saveur et d&rsquo;une fermeture ultra-serr\u00e9e pour pr\u00e9server la fra\u00eecheur. Chaque paquet contient 32 feuilles au format 1 1\/4.<\/p>\n<p><strong>Caract\u00e9ristiques :<\/strong><\/p>\n<ul>\n<li>Aromatis\u00e9 brandy de m\u00fbre<\/li>\n<li>Syst\u00e8me d&rsquo;ar\u00f4me triple immersion<\/li>\n<li>Filigrane r\u00e9volutionnaire<\/li>\n<li>Ligne de gomme d&rsquo;acacia<\/li>\n<li>Colle naturelle \u00e0 base de plantes<\/li>\n<li>Format : 78 mm x 44 mm<\/li>\n<li>32 feuilles \/ paquet<\/li>\n<\/ul>\n","protected":false},"excerpt":{"rendered":"<p>Les papiers \u00e0 rouler Juicy Jay aromatis\u00e9s \u00e0 la liqueur de cassis sont fabriqu\u00e9s \u00e0 partir de gomme d&rsquo;acacia gunlime avec un go\u00fbt naturel.<\/p>\n","protected":false},"featured_media":43982,"comment_status":"open","ping_status":"closed","template":"","meta":[],"product_brand":[],"product_cat":[2172],"product_tag":[],"class_list":{"0":"post-44380","1":"product","2":"type-product","3":"status-publish","4":"has-post-thumbnail","6":"product_cat-non-categorise","7":"yith_product_brand-juicy-jays-fr","9":"first","10":"instock","11":"taxable","12":"shipping-taxable","13":"purchasable","14":"product-type-simple"},"_links":{"self":[{"href":"https:\/\/taste-it.ca\/fr\/wp-json\/wp\/v2\/product\/44380","targetHints":{"allow":["GET"]}}],"collection":[{"href":"https:\/\/taste-it.ca\/fr\/wp-json\/wp\/v2\/product"}],"about":[{"href":"https:\/\/taste-it.ca\/fr\/wp-json\/wp\/v2\/types\/product"}],"replies":[{"embeddable":true,"href":"https:\/\/taste-it.ca\/fr\/wp-json\/wp\/v2\/comments?post=44380"}],"wp:featuredmedia":[{"embeddable":true,"href":"https:\/\/taste-it.ca\/fr\/wp-json\/wp\/v2\/media\/43982"}],"wp:attachment":[{"href":"https:\/\/taste-it.ca\/fr\/wp-json\/wp\/v2\/media?parent=44380"}],"wp:term":[{"taxonomy":"product_brand","embeddable":true,"href":"https:\/\/taste-it.ca\/fr\/wp-json\/wp\/v2\/product_brand?post=44380"},{"taxonomy":"product_cat","embeddable":true,"href":"https:\/\/taste-it.ca\/fr\/wp-json\/wp\/v2\/product_cat?post=44380"},{"taxonomy":"product_tag","embeddable":true,"href":"https:\/\/taste-it.ca\/fr\/wp-json\/wp\/v2\/product_tag?post=44380"}],"curies":[{"name":"wp","href":"https:\/\/api.w.org\/{rel}","templated":true}]}}