{"id":44379,"date":"2025-10-09T10:22:25","date_gmt":"2025-10-09T14:22:25","guid":{"rendered":"https:\/\/taste-it.ca\/boutique\/non class\u00e9\/black-russian-tobacco-2-pck-inspired-organic-wraps-par-crop-kingz\/"},"modified":"2025-10-09T10:22:25","modified_gmt":"2025-10-09T14:22:25","slug":"black-russian-tobacco-2-pck-inspired-organic-wraps-par-crop-kingz","status":"publish","type":"product","link":"https:\/\/taste-it.ca\/fr\/product\/black-russian-tobacco-2-pck-inspired-organic-wraps-par-crop-kingz\/","title":{"rendered":"Black Russian Tobacco (2\/PCK) Inspired Organic Wraps par Crop Kingz"},"content":{"rendered":"<p>Les enveloppements biologiques inspir\u00e9s du tabac noir russe de Crop Kingz offrent une exp\u00e9rience traditionnelle compl\u00e8te, riche et douce sans goudron ni nicotine. Dot\u00e9s d&rsquo;une bande de colle auto-scellante formul\u00e9e, ces emballages sont faciles \u00e0 utiliser et super collants. Les enveloppements sont faits de gomme arabique non toxique avec 100% biologique, sans pesticides et sans OGM. Chaque pack comprend 2 wraps Black Russian et 2 tubes de remplissage, qui non seulement aident les fumeurs \u00e0 fa\u00e7onner les rouleaux, mais peuvent \u00e9galement \u00eatre coup\u00e9s et utilis\u00e9s comme filtre pour les blunts.<\/p>\n<p><strong>Caract\u00e9ristiques<\/strong><\/p>\n<ul>\n<li>\u2013 100% bio, sans pesticides, sans OGM<\/li>\n<li>\u2013 Bande de colle auto-scellante<\/li>\n<li>\u2013 Gomme arabique non toxique<\/li>\n<li>\u2013 2 wraps + 2 outils de remplissage \/ pack<\/li>\n<\/ul>\n","protected":false},"excerpt":{"rendered":"<p>Les enveloppements biologiques inspir\u00e9s du tabac noir russe de Crop Kingz offrent une exp\u00e9rience traditionnelle compl\u00e8te, riche et douce sans goudron ni nicotine.<\/p>\n","protected":false},"featured_media":43978,"comment_status":"open","ping_status":"closed","template":"","meta":[],"product_brand":[],"product_cat":[2172],"product_tag":[],"class_list":{"0":"post-44379","1":"product","2":"type-product","3":"status-publish","4":"has-post-thumbnail","6":"product_cat-non-categorise","7":"yith_product_brand-crop-kingz-fr","9":"first","10":"instock","11":"taxable","12":"shipping-taxable","13":"purchasable","14":"product-type-simple"},"_links":{"self":[{"href":"https:\/\/taste-it.ca\/fr\/wp-json\/wp\/v2\/product\/44379","targetHints":{"allow":["GET"]}}],"collection":[{"href":"https:\/\/taste-it.ca\/fr\/wp-json\/wp\/v2\/product"}],"about":[{"href":"https:\/\/taste-it.ca\/fr\/wp-json\/wp\/v2\/types\/product"}],"replies":[{"embeddable":true,"href":"https:\/\/taste-it.ca\/fr\/wp-json\/wp\/v2\/comments?post=44379"}],"wp:featuredmedia":[{"embeddable":true,"href":"https:\/\/taste-it.ca\/fr\/wp-json\/wp\/v2\/media\/43978"}],"wp:attachment":[{"href":"https:\/\/taste-it.ca\/fr\/wp-json\/wp\/v2\/media?parent=44379"}],"wp:term":[{"taxonomy":"product_brand","embeddable":true,"href":"https:\/\/taste-it.ca\/fr\/wp-json\/wp\/v2\/product_brand?post=44379"},{"taxonomy":"product_cat","embeddable":true,"href":"https:\/\/taste-it.ca\/fr\/wp-json\/wp\/v2\/product_cat?post=44379"},{"taxonomy":"product_tag","embeddable":true,"href":"https:\/\/taste-it.ca\/fr\/wp-json\/wp\/v2\/product_tag?post=44379"}],"curies":[{"name":"wp","href":"https:\/\/api.w.org\/{rel}","templated":true}]}}