{"id":44378,"date":"2025-10-09T09:02:42","date_gmt":"2025-10-09T13:02:42","guid":{"rendered":"https:\/\/taste-it.ca\/boutique\/non class\u00e9\/black-natural-unrefined-rolling-papers-king-size-slim-par-raw\/"},"modified":"2025-10-09T09:02:42","modified_gmt":"2025-10-09T13:02:42","slug":"black-natural-unrefined-rolling-papers-king-size-slim-par-raw","status":"publish","type":"product","link":"https:\/\/taste-it.ca\/fr\/product\/black-natural-unrefined-rolling-papers-king-size-slim-par-raw\/","title":{"rendered":"Black Natural Unrefined Rolling Papers, King Size Slim par RAW"},"content":{"rendered":"<p>Les papiers \u00e0 rouler RAW Black Natural non raffin\u00e9s King Size Slim sont extra-fins \u00e0 double pression pour les rendre les plus fins et les plus \u00e9crus. Avec leur design plus grand, les fumeurs peuvent profiter d&rsquo;une fum\u00e9e savoureuse plus longtemps. Fabriqu\u00e9s \u00e0 partir de plantes naturelles, les papiers contiennent des additifs z\u00e9ro br\u00fblure.<\/p>\n","protected":false},"excerpt":{"rendered":"<p>Les papiers \u00e0 rouler RAW Black Natural non raffin\u00e9s King Size Slim sont extra-fins \u00e0 double pression pour les rendre les plus fins et les plus \u00e9crus.<\/p>\n","protected":false},"featured_media":43362,"comment_status":"open","ping_status":"closed","template":"","meta":[],"product_brand":[],"product_cat":[2172],"product_tag":[],"class_list":{"0":"post-44378","1":"product","2":"type-product","3":"status-publish","4":"has-post-thumbnail","6":"product_cat-non-categorise","7":"yith_product_brand-raw-fr","9":"first","10":"instock","11":"taxable","12":"shipping-taxable","13":"purchasable","14":"product-type-simple"},"_links":{"self":[{"href":"https:\/\/taste-it.ca\/fr\/wp-json\/wp\/v2\/product\/44378","targetHints":{"allow":["GET"]}}],"collection":[{"href":"https:\/\/taste-it.ca\/fr\/wp-json\/wp\/v2\/product"}],"about":[{"href":"https:\/\/taste-it.ca\/fr\/wp-json\/wp\/v2\/types\/product"}],"replies":[{"embeddable":true,"href":"https:\/\/taste-it.ca\/fr\/wp-json\/wp\/v2\/comments?post=44378"}],"wp:featuredmedia":[{"embeddable":true,"href":"https:\/\/taste-it.ca\/fr\/wp-json\/wp\/v2\/media\/43362"}],"wp:attachment":[{"href":"https:\/\/taste-it.ca\/fr\/wp-json\/wp\/v2\/media?parent=44378"}],"wp:term":[{"taxonomy":"product_brand","embeddable":true,"href":"https:\/\/taste-it.ca\/fr\/wp-json\/wp\/v2\/product_brand?post=44378"},{"taxonomy":"product_cat","embeddable":true,"href":"https:\/\/taste-it.ca\/fr\/wp-json\/wp\/v2\/product_cat?post=44378"},{"taxonomy":"product_tag","embeddable":true,"href":"https:\/\/taste-it.ca\/fr\/wp-json\/wp\/v2\/product_tag?post=44378"}],"curies":[{"name":"wp","href":"https:\/\/api.w.org\/{rel}","templated":true}]}}