{"id":44375,"date":"2025-10-09T09:02:43","date_gmt":"2025-10-09T13:02:43","guid":{"rendered":"https:\/\/taste-it.ca\/boutique\/non class\u00e9\/ces-feuilles-a-rouler-juicy-jays-super-fine-green-leaf-sont-ultra-minces-et-translucides\/"},"modified":"2025-10-09T09:02:43","modified_gmt":"2025-10-09T13:02:43","slug":"ces-feuilles-a-rouler-juicy-jays-super-fine-green-leaf-sont-ultra-minces-et-translucides","status":"publish","type":"product","link":"https:\/\/taste-it.ca\/fr\/product\/ces-feuilles-a-rouler-juicy-jays-super-fine-green-leaf-sont-ultra-minces-et-translucides\/","title":{"rendered":"Ces feuilles \u00e0 rouler Juicy Jay&rsquo;s Super Fine Green Leaf sont ultra-minces et translucides."},"content":{"rendered":"<p>Muguet avec des notes de Ch\u00e8vrefeuille et d&rsquo;Ananas, vous transportant vers une belle plage aux Bermudes !<\/p>\n<p><strong>Caract\u00e9ristiques<\/strong><\/p>\n<ul>\n<li>Id\u00e9al pour \u00e9liminer les odeurs de fum\u00e9e ind\u00e9sirables de cigarettes, pipes, cigares, animaux domestiques, etc.<\/li>\n<li>Parfum : Plage des Bermudes<\/li>\n<li>Notes de parfum : floral, fruit\u00e9, sucr\u00e9<\/li>\n<li>Formul\u00e9 \u00e0 base d&rsquo;enzymes<\/li>\n<li>Dur\u00e9e de combustion : jusqu&rsquo;\u00e0 70 heures<\/li>\n<li>Poids : 13 oz (environ 368 g)<\/li>\n<\/ul>\n","protected":false},"excerpt":{"rendered":"<p>Muguet avec des notes de Ch\u00e8vrefeuille et d&rsquo;Ananas, vous transportant vers une belle plage aux Bermudes !<\/p>\n","protected":false},"featured_media":43358,"comment_status":"open","ping_status":"closed","template":"","meta":[],"product_brand":[],"product_cat":[2172],"product_tag":[2330],"class_list":{"0":"post-44375","1":"product","2":"type-product","3":"status-publish","4":"has-post-thumbnail","6":"product_cat-non-categorise","7":"product_tag-ananas","8":"yith_product_brand-smoke-odor-fr","10":"first","11":"onbackorder","12":"taxable","13":"shipping-taxable","14":"purchasable","15":"product-type-simple"},"_links":{"self":[{"href":"https:\/\/taste-it.ca\/fr\/wp-json\/wp\/v2\/product\/44375","targetHints":{"allow":["GET"]}}],"collection":[{"href":"https:\/\/taste-it.ca\/fr\/wp-json\/wp\/v2\/product"}],"about":[{"href":"https:\/\/taste-it.ca\/fr\/wp-json\/wp\/v2\/types\/product"}],"replies":[{"embeddable":true,"href":"https:\/\/taste-it.ca\/fr\/wp-json\/wp\/v2\/comments?post=44375"}],"wp:featuredmedia":[{"embeddable":true,"href":"https:\/\/taste-it.ca\/fr\/wp-json\/wp\/v2\/media\/43358"}],"wp:attachment":[{"href":"https:\/\/taste-it.ca\/fr\/wp-json\/wp\/v2\/media?parent=44375"}],"wp:term":[{"taxonomy":"product_brand","embeddable":true,"href":"https:\/\/taste-it.ca\/fr\/wp-json\/wp\/v2\/product_brand?post=44375"},{"taxonomy":"product_cat","embeddable":true,"href":"https:\/\/taste-it.ca\/fr\/wp-json\/wp\/v2\/product_cat?post=44375"},{"taxonomy":"product_tag","embeddable":true,"href":"https:\/\/taste-it.ca\/fr\/wp-json\/wp\/v2\/product_tag?post=44375"}],"curies":[{"name":"wp","href":"https:\/\/api.w.org\/{rel}","templated":true}]}}