{"id":44374,"date":"2025-10-09T09:02:43","date_gmt":"2025-10-09T13:02:43","guid":{"rendered":"https:\/\/taste-it.ca\/boutique\/non class\u00e9\/banana-leaf-rolling-papers-1-1-4-par-juicy-jays\/"},"modified":"2025-10-09T09:02:43","modified_gmt":"2025-10-09T13:02:43","slug":"banana-leaf-rolling-papers-1-1-4-par-juicy-jays","status":"publish","type":"product","link":"https:\/\/taste-it.ca\/fr\/product\/banana-leaf-rolling-papers-1-1-4-par-juicy-jays\/","title":{"rendered":"Banana Leaf Rolling Papers, 1 1\/4 par Juicy Jay&rsquo;s"},"content":{"rendered":"<p>Ces feuilles \u00e0 rouler Juicy Jay&rsquo;s Super Fine Green Leaf sont ultra-minces et translucides. Les feuilles sont de taille 1 1\/4 et offrent un go\u00fbt naturel. En outre, elles poss\u00e8dent \u00e9galement un syst\u00e8me de triple trempage de saveur pour garantir des rouleaux savoureux et un joint extra serr\u00e9 pour maintenir la fra\u00eecheur.<\/p>\n","protected":false},"excerpt":{"rendered":"<p>Ces feuilles \u00e0 rouler Juicy Jay&rsquo;s Super Fine Green Leaf sont ultra-minces et translucides.<\/p>\n","protected":false},"featured_media":43356,"comment_status":"open","ping_status":"closed","template":"","meta":[],"product_brand":[],"product_cat":[2172],"product_tag":[2205],"class_list":{"0":"post-44374","1":"product","2":"type-product","3":"status-publish","4":"has-post-thumbnail","6":"product_cat-non-categorise","7":"product_tag-banane","8":"yith_product_brand-juicy-jays-fr","10":"first","11":"instock","12":"taxable","13":"shipping-taxable","14":"purchasable","15":"product-type-simple"},"_links":{"self":[{"href":"https:\/\/taste-it.ca\/fr\/wp-json\/wp\/v2\/product\/44374","targetHints":{"allow":["GET"]}}],"collection":[{"href":"https:\/\/taste-it.ca\/fr\/wp-json\/wp\/v2\/product"}],"about":[{"href":"https:\/\/taste-it.ca\/fr\/wp-json\/wp\/v2\/types\/product"}],"replies":[{"embeddable":true,"href":"https:\/\/taste-it.ca\/fr\/wp-json\/wp\/v2\/comments?post=44374"}],"wp:featuredmedia":[{"embeddable":true,"href":"https:\/\/taste-it.ca\/fr\/wp-json\/wp\/v2\/media\/43356"}],"wp:attachment":[{"href":"https:\/\/taste-it.ca\/fr\/wp-json\/wp\/v2\/media?parent=44374"}],"wp:term":[{"taxonomy":"product_brand","embeddable":true,"href":"https:\/\/taste-it.ca\/fr\/wp-json\/wp\/v2\/product_brand?post=44374"},{"taxonomy":"product_cat","embeddable":true,"href":"https:\/\/taste-it.ca\/fr\/wp-json\/wp\/v2\/product_cat?post=44374"},{"taxonomy":"product_tag","embeddable":true,"href":"https:\/\/taste-it.ca\/fr\/wp-json\/wp\/v2\/product_tag?post=44374"}],"curies":[{"name":"wp","href":"https:\/\/api.w.org\/{rel}","templated":true}]}}