{"id":44373,"date":"2025-10-09T10:22:25","date_gmt":"2025-10-09T14:22:25","guid":{"rendered":"https:\/\/taste-it.ca\/boutique\/non class\u00e9\/banana-cream-mini-cones-2-pck-par-king-palm\/"},"modified":"2025-10-09T10:22:25","modified_gmt":"2025-10-09T14:22:25","slug":"banana-cream-mini-cones-2-pck-par-king-palm","status":"publish","type":"product","link":"https:\/\/taste-it.ca\/fr\/product\/banana-cream-mini-cones-2-pck-par-king-palm\/","title":{"rendered":"Banana Cream Mini Cones (2\/PCK) par King Palm"},"content":{"rendered":"<p>Les mini-cones go\u00fbt King Palm sont des wraps de cones faits \u00e0 la main fabriqu\u00e9s avec les plus belles feuilles de palme pour un go\u00fbt enti\u00e8rement naturel. Chaque rouleau mini a une capacit\u00e9 d&rsquo;environ 1 gramme. Go\u00fbt cr\u00e8me \u00e0 la banane.<\/p>\n","protected":false},"excerpt":{"rendered":"<p>Les mini-cones go\u00fbt King Palm sont des wraps de cones faits \u00e0 la main fabriqu\u00e9s avec les plus belles feuilles de palme pour un go\u00fbt enti\u00e8rement naturel.<\/p>\n","protected":false},"featured_media":43968,"comment_status":"open","ping_status":"closed","template":"","meta":[],"product_brand":[],"product_cat":[2172],"product_tag":[],"class_list":{"0":"post-44373","1":"product","2":"type-product","3":"status-publish","4":"has-post-thumbnail","6":"product_cat-non-categorise","7":"yith_product_brand-king-palm-fr","9":"first","10":"instock","11":"taxable","12":"shipping-taxable","13":"purchasable","14":"product-type-simple"},"_links":{"self":[{"href":"https:\/\/taste-it.ca\/fr\/wp-json\/wp\/v2\/product\/44373","targetHints":{"allow":["GET"]}}],"collection":[{"href":"https:\/\/taste-it.ca\/fr\/wp-json\/wp\/v2\/product"}],"about":[{"href":"https:\/\/taste-it.ca\/fr\/wp-json\/wp\/v2\/types\/product"}],"replies":[{"embeddable":true,"href":"https:\/\/taste-it.ca\/fr\/wp-json\/wp\/v2\/comments?post=44373"}],"wp:featuredmedia":[{"embeddable":true,"href":"https:\/\/taste-it.ca\/fr\/wp-json\/wp\/v2\/media\/43968"}],"wp:attachment":[{"href":"https:\/\/taste-it.ca\/fr\/wp-json\/wp\/v2\/media?parent=44373"}],"wp:term":[{"taxonomy":"product_brand","embeddable":true,"href":"https:\/\/taste-it.ca\/fr\/wp-json\/wp\/v2\/product_brand?post=44373"},{"taxonomy":"product_cat","embeddable":true,"href":"https:\/\/taste-it.ca\/fr\/wp-json\/wp\/v2\/product_cat?post=44373"},{"taxonomy":"product_tag","embeddable":true,"href":"https:\/\/taste-it.ca\/fr\/wp-json\/wp\/v2\/product_tag?post=44373"}],"curies":[{"name":"wp","href":"https:\/\/api.w.org\/{rel}","templated":true}]}}