{"id":44370,"date":"2025-10-09T09:02:43","date_gmt":"2025-10-09T13:02:43","guid":{"rendered":"https:\/\/taste-it.ca\/boutique\/non class\u00e9\/8%e2%80%b3-radium-metallic-wrapped-tube-bong-random-colour-par-retro-glass\/"},"modified":"2025-10-09T09:02:43","modified_gmt":"2025-10-09T13:02:43","slug":"8%e2%80%b3-radium-metallic-wrapped-tube-bong-random-colour-par-retro-glass","status":"publish","type":"product","link":"https:\/\/taste-it.ca\/fr\/product\/8%e2%80%b3-radium-metallic-wrapped-tube-bong-random-colour-par-retro-glass\/","title":{"rendered":"8\u2033 Radium Metallic Wrapped Tube Bong, Random Colour par Retro Glass"},"content":{"rendered":"<p>Le bang \u00e0 tube envelopp\u00e9 de m\u00e9tal au radium de 8 po Retro Glass est fait de verre doux avec une d\u00e9coration du motif de couleurs m\u00e9lang\u00e9es et tourbillonnantes. Dot\u00e9 d&rsquo;un design m\u00e9tallique avec une poign\u00e9e en verre enveloppante, ce bang est plus facile \u00e0 tenir pour les utilisateurs tout en fumant.<\/p>\n<p><strong>Caract\u00e9ristiques<\/strong><\/p>\n<ul>\n<li>\u2013 Verre souple<\/li>\n<li>\u2013 Conception m\u00e9tallique<\/li>\n<li>\u2013 Poign\u00e9e en verre enveloppante<\/li>\n<li>&#8211; Couleurs assorties<\/li>\n<li>\u2013 Hauteur : 203,2 mm<\/li>\n<\/ul>\n<p><strong>Comprend<\/strong><\/p>\n<ul>\n<li>\u2013 1 Bong Tube M\u00e9tallique Radium 8\u2033<\/li>\n<li>\u2013 1 coulissant<br \/>\n\u2013 1 tige descendante<\/li>\n<\/ul>\n","protected":false},"excerpt":{"rendered":"<p>Le bang \u00e0 tube envelopp\u00e9 de m\u00e9tal au radium de 8 po Retro Glass est fait de verre doux avec une d\u00e9coration du motif de couleurs m\u00e9lang\u00e9es et tourbillonnantes.<\/p>\n","protected":false},"featured_media":43338,"comment_status":"open","ping_status":"closed","template":"","meta":[],"product_brand":[],"product_cat":[2172],"product_tag":[],"class_list":{"0":"post-44370","1":"product","2":"type-product","3":"status-publish","4":"has-post-thumbnail","6":"product_cat-non-categorise","8":"first","9":"onbackorder","10":"taxable","11":"shipping-taxable","12":"purchasable","13":"product-type-simple"},"_links":{"self":[{"href":"https:\/\/taste-it.ca\/fr\/wp-json\/wp\/v2\/product\/44370","targetHints":{"allow":["GET"]}}],"collection":[{"href":"https:\/\/taste-it.ca\/fr\/wp-json\/wp\/v2\/product"}],"about":[{"href":"https:\/\/taste-it.ca\/fr\/wp-json\/wp\/v2\/types\/product"}],"replies":[{"embeddable":true,"href":"https:\/\/taste-it.ca\/fr\/wp-json\/wp\/v2\/comments?post=44370"}],"wp:featuredmedia":[{"embeddable":true,"href":"https:\/\/taste-it.ca\/fr\/wp-json\/wp\/v2\/media\/43338"}],"wp:attachment":[{"href":"https:\/\/taste-it.ca\/fr\/wp-json\/wp\/v2\/media?parent=44370"}],"wp:term":[{"taxonomy":"product_brand","embeddable":true,"href":"https:\/\/taste-it.ca\/fr\/wp-json\/wp\/v2\/product_brand?post=44370"},{"taxonomy":"product_cat","embeddable":true,"href":"https:\/\/taste-it.ca\/fr\/wp-json\/wp\/v2\/product_cat?post=44370"},{"taxonomy":"product_tag","embeddable":true,"href":"https:\/\/taste-it.ca\/fr\/wp-json\/wp\/v2\/product_tag?post=44370"}],"curies":[{"name":"wp","href":"https:\/\/api.w.org\/{rel}","templated":true}]}}