{"id":44363,"date":"2025-10-09T09:02:43","date_gmt":"2025-10-09T13:02:43","guid":{"rendered":"https:\/\/taste-it.ca\/boutique\/non class\u00e9\/55-rh-2-way-humidity-regulator-4g-par-integra-boost\/"},"modified":"2025-10-09T09:02:43","modified_gmt":"2025-10-09T13:02:43","slug":"55-rh-2-way-humidity-regulator-4g-par-integra-boost","status":"publish","type":"product","link":"https:\/\/taste-it.ca\/fr\/product\/55-rh-2-way-humidity-regulator-4g-par-integra-boost\/","title":{"rendered":"55% RH 2-Way Humidity Regulator 4g par Integra Boost"},"content":{"rendered":"<p>Le r\u00e9gulateur d&rsquo;humidit\u00e9 bidirectionnel Integra BOOST 55% RH 4g est \u00e9quip\u00e9 d&rsquo;une technologie en instance de brevet pour lib\u00e9rer ou absorber l&rsquo;humidit\u00e9, maintenant l&rsquo;humidit\u00e9 relative \u00e0 55% dans un environnement confin\u00e9. Le pack de contr\u00f4le peut fonctionner en toute s\u00e9curit\u00e9 sur presque tous les produits. Avec ce pack de 4 g, vous pouvez conserver jusqu&rsquo;\u00e0 12 g d&rsquo;herbe et garder la saveur d&rsquo;origine.<\/p>\n<p><strong>Caract\u00e9ristiques<\/strong><\/p>\n<ul>\n<li>\u2013 Utilisations : herbes, articles de garde-manger, cigares rares, phytoth\u00e9rapie, etc\u2026<\/li>\n<li>\u2013 Technologie de contr\u00f4le de l&rsquo;humidit\u00e9 \u00e0 2 voies<\/li>\n<li>\u2013 99% biod\u00e9gradable<\/li>\n<li>\u2013 Sans sel, non toxique<\/li>\n<li>\u2013 Conforme \u00e0 la FDA<\/li>\n<\/ul>\n<p><strong>Comprend<\/strong><\/p>\n<ul>\n<li>\u2013 1 R\u00e9gulateur d&rsquo;humidit\u00e9 2 voies 55% HR 4g<\/li>\n<li>\u2013 1 carte indicateur de remplacement<\/li>\n<\/ul>\n","protected":false},"excerpt":{"rendered":"<p>Le r\u00e9gulateur d&rsquo;humidit\u00e9 bidirectionnel Integra BOOST 55% RH 4g est \u00e9quip\u00e9 d&rsquo;une technologie en instance de brevet pour lib\u00e9rer ou absorber l&rsquo;humidit\u00e9.<\/p>\n","protected":false},"featured_media":43342,"comment_status":"open","ping_status":"closed","template":"","meta":[],"product_brand":[],"product_cat":[3115],"product_tag":[],"class_list":{"0":"post-44363","1":"product","2":"type-product","3":"status-publish","4":"has-post-thumbnail","6":"product_cat-controle-entretien","7":"yith_product_brand-integra-fr","9":"first","10":"instock","11":"taxable","12":"shipping-taxable","13":"purchasable","14":"product-type-simple"},"_links":{"self":[{"href":"https:\/\/taste-it.ca\/fr\/wp-json\/wp\/v2\/product\/44363","targetHints":{"allow":["GET"]}}],"collection":[{"href":"https:\/\/taste-it.ca\/fr\/wp-json\/wp\/v2\/product"}],"about":[{"href":"https:\/\/taste-it.ca\/fr\/wp-json\/wp\/v2\/types\/product"}],"replies":[{"embeddable":true,"href":"https:\/\/taste-it.ca\/fr\/wp-json\/wp\/v2\/comments?post=44363"}],"wp:featuredmedia":[{"embeddable":true,"href":"https:\/\/taste-it.ca\/fr\/wp-json\/wp\/v2\/media\/43342"}],"wp:attachment":[{"href":"https:\/\/taste-it.ca\/fr\/wp-json\/wp\/v2\/media?parent=44363"}],"wp:term":[{"taxonomy":"product_brand","embeddable":true,"href":"https:\/\/taste-it.ca\/fr\/wp-json\/wp\/v2\/product_brand?post=44363"},{"taxonomy":"product_cat","embeddable":true,"href":"https:\/\/taste-it.ca\/fr\/wp-json\/wp\/v2\/product_cat?post=44363"},{"taxonomy":"product_tag","embeddable":true,"href":"https:\/\/taste-it.ca\/fr\/wp-json\/wp\/v2\/product_tag?post=44363"}],"curies":[{"name":"wp","href":"https:\/\/api.w.org\/{rel}","templated":true}]}}