{"id":44360,"date":"2025-10-09T09:02:42","date_gmt":"2025-10-09T13:02:42","guid":{"rendered":"https:\/\/taste-it.ca\/boutique\/non%20class\u00e9\/15mm-pipe-screen-5-pck-par-hmp\/"},"modified":"2025-10-10T09:15:16","modified_gmt":"2025-10-10T13:15:16","slug":"15mm-pipe-screen-5-pck-par-hmp","status":"publish","type":"product","link":"https:\/\/taste-it.ca\/fr\/product\/15mm-pipe-screen-5-pck-par-hmp\/","title":{"rendered":"15mm Pipe Screen (5\/PCK) par HMP"},"content":{"rendered":"<p>Tamis en acier utilis\u00e9 pour emp\u00eacher les cendres et les d\u00e9bris de boucher les bols, les tiges et les tuyaux, facilitant ainsi le nettoyage. Un excellent produit compl\u00e9mentaire \u00e0 tout tuyau \u00e0 main, barboteur ou pipe \u00e0 eau.<\/p>\n<ul>\n<li>1 Pack de 5 \u00e9crans<\/li>\n<\/ul>\n","protected":false},"excerpt":{"rendered":"<p>Tamis en acier utilis\u00e9 pour emp\u00eacher les cendres et les d\u00e9bris de boucher les bols, les tiges et les tuyaux, facilitant ainsi le nettoyage.<\/p>\n","protected":false},"featured_media":43340,"comment_status":"open","ping_status":"closed","template":"","meta":[],"product_brand":[],"product_cat":[2172],"product_tag":[],"class_list":{"0":"post-44360","1":"product","2":"type-product","3":"status-publish","4":"has-post-thumbnail","6":"product_cat-non-categorise","7":"yith_product_brand-hmp-fr","9":"first","10":"instock","11":"taxable","12":"shipping-taxable","13":"purchasable","14":"product-type-simple"},"_links":{"self":[{"href":"https:\/\/taste-it.ca\/fr\/wp-json\/wp\/v2\/product\/44360","targetHints":{"allow":["GET"]}}],"collection":[{"href":"https:\/\/taste-it.ca\/fr\/wp-json\/wp\/v2\/product"}],"about":[{"href":"https:\/\/taste-it.ca\/fr\/wp-json\/wp\/v2\/types\/product"}],"replies":[{"embeddable":true,"href":"https:\/\/taste-it.ca\/fr\/wp-json\/wp\/v2\/comments?post=44360"}],"wp:featuredmedia":[{"embeddable":true,"href":"https:\/\/taste-it.ca\/fr\/wp-json\/wp\/v2\/media\/43340"}],"wp:attachment":[{"href":"https:\/\/taste-it.ca\/fr\/wp-json\/wp\/v2\/media?parent=44360"}],"wp:term":[{"taxonomy":"product_brand","embeddable":true,"href":"https:\/\/taste-it.ca\/fr\/wp-json\/wp\/v2\/product_brand?post=44360"},{"taxonomy":"product_cat","embeddable":true,"href":"https:\/\/taste-it.ca\/fr\/wp-json\/wp\/v2\/product_cat?post=44360"},{"taxonomy":"product_tag","embeddable":true,"href":"https:\/\/taste-it.ca\/fr\/wp-json\/wp\/v2\/product_tag?post=44360"}],"curies":[{"name":"wp","href":"https:\/\/api.w.org\/{rel}","templated":true}]}}