{"id":44358,"date":"2025-10-09T09:02:42","date_gmt":"2025-10-09T13:02:42","guid":{"rendered":"https:\/\/taste-it.ca\/boutique\/non class\u00e9\/100-slim-cotton-filters-200-pck-par-raw\/"},"modified":"2025-10-09T09:02:42","modified_gmt":"2025-10-09T13:02:42","slug":"100-slim-cotton-filters-200-pck-par-raw","status":"publish","type":"product","link":"https:\/\/taste-it.ca\/fr\/product\/100-slim-cotton-filters-200-pck-par-raw\/","title":{"rendered":"100% Slim Cotton Filters (200\/PCK) par RAW"},"content":{"rendered":"<p>Les filtres RAW Unbleached Cotton sont fabriqu\u00e9s avec des fibres de coton non alt\u00e9r\u00e9es et sans chlore. Ces filtres sont parfaits pour \u00eatre utilis\u00e9s avec vos papiers \u00e0 rouler bruts, vous offrant une exp\u00e9rience de fumage sans aucun additif. Les filtres emp\u00eachent les charges de p\u00e9n\u00e9trer dans votre bouche et att\u00e9nuent toute duret\u00e9.<\/p>\n<ul>\n<li>200 filtres par sac<\/li>\n<\/ul>\n","protected":false},"excerpt":{"rendered":"<p>Les filtres RAW Unbleached Cotton sont fabriqu\u00e9s avec des fibres de coton non alt\u00e9r\u00e9es et sans chlore.<\/p>\n","protected":false},"featured_media":43456,"comment_status":"open","ping_status":"closed","template":"","meta":[],"product_brand":[],"product_cat":[2172],"product_tag":[],"class_list":{"0":"post-44358","1":"product","2":"type-product","3":"status-publish","4":"has-post-thumbnail","6":"product_cat-non-categorise","7":"yith_product_brand-raw-fr","9":"first","10":"instock","11":"taxable","12":"shipping-taxable","13":"purchasable","14":"product-type-simple"},"_links":{"self":[{"href":"https:\/\/taste-it.ca\/fr\/wp-json\/wp\/v2\/product\/44358","targetHints":{"allow":["GET"]}}],"collection":[{"href":"https:\/\/taste-it.ca\/fr\/wp-json\/wp\/v2\/product"}],"about":[{"href":"https:\/\/taste-it.ca\/fr\/wp-json\/wp\/v2\/types\/product"}],"replies":[{"embeddable":true,"href":"https:\/\/taste-it.ca\/fr\/wp-json\/wp\/v2\/comments?post=44358"}],"wp:featuredmedia":[{"embeddable":true,"href":"https:\/\/taste-it.ca\/fr\/wp-json\/wp\/v2\/media\/43456"}],"wp:attachment":[{"href":"https:\/\/taste-it.ca\/fr\/wp-json\/wp\/v2\/media?parent=44358"}],"wp:term":[{"taxonomy":"product_brand","embeddable":true,"href":"https:\/\/taste-it.ca\/fr\/wp-json\/wp\/v2\/product_brand?post=44358"},{"taxonomy":"product_cat","embeddable":true,"href":"https:\/\/taste-it.ca\/fr\/wp-json\/wp\/v2\/product_cat?post=44358"},{"taxonomy":"product_tag","embeddable":true,"href":"https:\/\/taste-it.ca\/fr\/wp-json\/wp\/v2\/product_tag?post=44358"}],"curies":[{"name":"wp","href":"https:\/\/api.w.org\/{rel}","templated":true}]}}