{"id":44354,"date":"2025-10-09T09:04:50","date_gmt":"2025-10-09T13:04:50","guid":{"rendered":"https:\/\/taste-it.ca\/boutique\/non%20class\u00e9\/unbleached-single-wide-papers-par-zig-zag\/"},"modified":"2025-10-10T08:51:10","modified_gmt":"2025-10-10T12:51:10","slug":"unbleached-single-wide-papers-par-zig-zag","status":"publish","type":"product","link":"https:\/\/taste-it.ca\/fr\/product\/unbleached-single-wide-papers-par-zig-zag\/","title":{"rendered":"Unbleached Single Wide Papers by Zig Zag"},"content":{"rendered":"<p>Zig Zag est une l\u00e9gende dans le monde du tabac. Facile \u00e0 rouler, il ne n\u00e9cessite pas de colle et br\u00fble lentement. V\u00e9ritable classique, il reste le papier \u00e0 rouler pr\u00e9f\u00e9r\u00e9 de nombreux fumeurs.<\/p>\n<p>Gr\u00e2ce \u00e0 ses diff\u00e9rentes vari\u00e9t\u00e9s \u2013 papier r\u00e9sistant \u00e0 l&rsquo;humidit\u00e9, ultra-fin, \u00e0 coins coup\u00e9s ou \u00e0 combustion lente \u2013 vous trouverez certainement le Zig-Zag qui vous convient. Tous les papiers Zig-Zag sont dot\u00e9s d&rsquo;une fine ligne de colle pour une fermeture parfaite, \u00e0 chaque fois. Issue de la s\u00e8ve de l&rsquo;acacia d&rsquo;Afrique, la gomme arabique assure une fermeture uniforme sans alt\u00e9rer le go\u00fbt.<\/p>\n<ul>\n<li>100 feuilles par carnet<\/li>\n<\/ul>\n","protected":false},"excerpt":{"rendered":"<p>Papier \u00e0 rouler Zig Zag \u2013 L\u00e9gendaire et facile \u00e0 rouler, sans colle et \u00e0 combustion lente. Un classique disponible en plusieurs vari\u00e9t\u00e9s avec fermeture naturelle \u00e0 la gomme arabique.<\/p>\n","protected":false},"featured_media":43726,"comment_status":"open","ping_status":"closed","template":"","meta":[],"product_brand":[],"product_cat":[2172],"product_tag":[],"class_list":{"0":"post-44354","1":"product","2":"type-product","3":"status-publish","4":"has-post-thumbnail","6":"product_cat-non-categorise","7":"yith_product_brand-zig-zag-fr","9":"first","10":"instock","11":"taxable","12":"shipping-taxable","13":"purchasable","14":"product-type-simple"},"_links":{"self":[{"href":"https:\/\/taste-it.ca\/fr\/wp-json\/wp\/v2\/product\/44354","targetHints":{"allow":["GET"]}}],"collection":[{"href":"https:\/\/taste-it.ca\/fr\/wp-json\/wp\/v2\/product"}],"about":[{"href":"https:\/\/taste-it.ca\/fr\/wp-json\/wp\/v2\/types\/product"}],"replies":[{"embeddable":true,"href":"https:\/\/taste-it.ca\/fr\/wp-json\/wp\/v2\/comments?post=44354"}],"wp:featuredmedia":[{"embeddable":true,"href":"https:\/\/taste-it.ca\/fr\/wp-json\/wp\/v2\/media\/43726"}],"wp:attachment":[{"href":"https:\/\/taste-it.ca\/fr\/wp-json\/wp\/v2\/media?parent=44354"}],"wp:term":[{"taxonomy":"product_brand","embeddable":true,"href":"https:\/\/taste-it.ca\/fr\/wp-json\/wp\/v2\/product_brand?post=44354"},{"taxonomy":"product_cat","embeddable":true,"href":"https:\/\/taste-it.ca\/fr\/wp-json\/wp\/v2\/product_cat?post=44354"},{"taxonomy":"product_tag","embeddable":true,"href":"https:\/\/taste-it.ca\/fr\/wp-json\/wp\/v2\/product_tag?post=44354"}],"curies":[{"name":"wp","href":"https:\/\/api.w.org\/{rel}","templated":true}]}}