{"id":44353,"date":"2025-10-09T09:04:49","date_gmt":"2025-10-09T13:04:49","guid":{"rendered":"https:\/\/taste-it.ca\/boutique\/non%20class\u00e9\/unbleached-pre-rolled-cones-1-1-4-papers-6-pck-par-zig-zag\/"},"modified":"2025-10-10T08:50:37","modified_gmt":"2025-10-10T12:50:37","slug":"unbleached-pre-rolled-cones-1-1-4-papers-6-pck-par-zig-zag","status":"publish","type":"product","link":"https:\/\/taste-it.ca\/fr\/product\/unbleached-pre-rolled-cones-1-1-4-papers-6-pck-par-zig-zag\/","title":{"rendered":"Unbleached Pre-Rolled Cones 1 1\/4 Papers (6\/PCK) by Zig-Zag"},"content":{"rendered":"<p>Zig-Zag Cones Pr\u00e9-roul\u00e9s \u2013 La solution simple et pratique. Il suffit de les remplir et de tasser. Ces c\u00f4nes sont dot\u00e9s d&rsquo;un embout \u00e0 logo et d&rsquo;une bo\u00eete coulissante distinctive, r\u00e9sistante \u00e0 l&rsquo;\u00e9crasement et facile \u00e0 transporter.<\/p>\n<p>Les c\u00f4nes en papier Zig-Zag sont fabriqu\u00e9s \u00e0 partir d&rsquo;un m\u00e9lange premium de fibres naturelles pour une combustion lente et r\u00e9guli\u00e8re, sans aucun tracas \u2013 il suffit de remplir, tasser et fumer. Disponibles en : Format 1 1\/4 non blanchi et 1 1\/4 \u00e0 combustion lente.<\/p>\n<ul>\n<li>6 c\u00f4nes par paquet<\/li>\n<\/ul>\n","protected":false},"excerpt":{"rendered":"<p>C\u00f4nes pr\u00e9-roul\u00e9s Zig-Zag \u2013 Remplissage facile, embout marqu\u00e9 et bo\u00eete r\u00e9sistante. Combustion lente et r\u00e9guli\u00e8re sans effort.<\/p>\n","protected":false},"featured_media":43724,"comment_status":"open","ping_status":"closed","template":"","meta":[],"product_brand":[],"product_cat":[2172],"product_tag":[],"class_list":{"0":"post-44353","1":"product","2":"type-product","3":"status-publish","4":"has-post-thumbnail","6":"product_cat-non-categorise","7":"yith_product_brand-zig-zag-fr","9":"first","10":"instock","11":"taxable","12":"shipping-taxable","13":"purchasable","14":"product-type-simple"},"_links":{"self":[{"href":"https:\/\/taste-it.ca\/fr\/wp-json\/wp\/v2\/product\/44353","targetHints":{"allow":["GET"]}}],"collection":[{"href":"https:\/\/taste-it.ca\/fr\/wp-json\/wp\/v2\/product"}],"about":[{"href":"https:\/\/taste-it.ca\/fr\/wp-json\/wp\/v2\/types\/product"}],"replies":[{"embeddable":true,"href":"https:\/\/taste-it.ca\/fr\/wp-json\/wp\/v2\/comments?post=44353"}],"wp:featuredmedia":[{"embeddable":true,"href":"https:\/\/taste-it.ca\/fr\/wp-json\/wp\/v2\/media\/43724"}],"wp:attachment":[{"href":"https:\/\/taste-it.ca\/fr\/wp-json\/wp\/v2\/media?parent=44353"}],"wp:term":[{"taxonomy":"product_brand","embeddable":true,"href":"https:\/\/taste-it.ca\/fr\/wp-json\/wp\/v2\/product_brand?post=44353"},{"taxonomy":"product_cat","embeddable":true,"href":"https:\/\/taste-it.ca\/fr\/wp-json\/wp\/v2\/product_cat?post=44353"},{"taxonomy":"product_tag","embeddable":true,"href":"https:\/\/taste-it.ca\/fr\/wp-json\/wp\/v2\/product_tag?post=44353"}],"curies":[{"name":"wp","href":"https:\/\/api.w.org\/{rel}","templated":true}]}}