{"id":44351,"date":"2025-10-09T09:04:32","date_gmt":"2025-10-09T13:04:32","guid":{"rendered":"https:\/\/taste-it.ca\/boutique\/non%20class\u00e9\/ultra-thin-slow-burning-papers-par-zig-zag\/"},"modified":"2025-10-10T08:47:58","modified_gmt":"2025-10-10T12:47:58","slug":"ultra-thin-slow-burning-papers-par-zig-zag","status":"publish","type":"product","link":"https:\/\/taste-it.ca\/fr\/product\/ultra-thin-slow-burning-papers-par-zig-zag\/","title":{"rendered":"Ultra Thin Slow Burning Papers par Zig Zag"},"content":{"rendered":"<p>Zig Zag est une l\u00e9gende dans le monde du tabac. Facile \u00e0 rouler, sans besoin de colle et \u00e0 combustion lente, Zig Zag est un v\u00e9ritable classique et le papier \u00e0 rouler parfait pour de nombreux fumeurs.<\/p>\n<p>Avec ses diff\u00e9rentes vari\u00e9t\u00e9s \u2013 papier r\u00e9sistant \u00e0 l&rsquo;humidit\u00e9, ultra-fin, \u00e0 coins coup\u00e9s ou \u00e0 combustion lente \u2013 vous trouverez le Zig-Zag qu&rsquo;il vous faut. Tous les papiers Zig-Zag poss\u00e8dent une fine ligne de colle pour assurer une fermeture parfaite \u00e0 chaque fois. D\u00e9riv\u00e9e de la s\u00e8ve de l&rsquo;acacia africain, la gomme arabique garantit une fermeture uniforme sans alt\u00e9rer le go\u00fbt.<\/p>\n<ul>\n<li>100 feuilles par carnet<\/li>\n<\/ul>\n","protected":false},"excerpt":{"rendered":"<p>Papier \u00e0 rouler Zig Zag \u2013 L\u00e9gendaire, facile \u00e0 utiliser sans colle et \u00e0 combustion lente. Un classique intemporel avec une fermeture naturelle \u00e0 la gomme arabique.<\/p>\n","protected":false},"featured_media":43720,"comment_status":"open","ping_status":"closed","template":"","meta":[],"product_brand":[],"product_cat":[2172],"product_tag":[],"class_list":{"0":"post-44351","1":"product","2":"type-product","3":"status-publish","4":"has-post-thumbnail","6":"product_cat-non-categorise","7":"yith_product_brand-zig-zag-fr","9":"first","10":"instock","11":"taxable","12":"shipping-taxable","13":"purchasable","14":"product-type-simple"},"_links":{"self":[{"href":"https:\/\/taste-it.ca\/fr\/wp-json\/wp\/v2\/product\/44351","targetHints":{"allow":["GET"]}}],"collection":[{"href":"https:\/\/taste-it.ca\/fr\/wp-json\/wp\/v2\/product"}],"about":[{"href":"https:\/\/taste-it.ca\/fr\/wp-json\/wp\/v2\/types\/product"}],"replies":[{"embeddable":true,"href":"https:\/\/taste-it.ca\/fr\/wp-json\/wp\/v2\/comments?post=44351"}],"wp:featuredmedia":[{"embeddable":true,"href":"https:\/\/taste-it.ca\/fr\/wp-json\/wp\/v2\/media\/43720"}],"wp:attachment":[{"href":"https:\/\/taste-it.ca\/fr\/wp-json\/wp\/v2\/media?parent=44351"}],"wp:term":[{"taxonomy":"product_brand","embeddable":true,"href":"https:\/\/taste-it.ca\/fr\/wp-json\/wp\/v2\/product_brand?post=44351"},{"taxonomy":"product_cat","embeddable":true,"href":"https:\/\/taste-it.ca\/fr\/wp-json\/wp\/v2\/product_cat?post=44351"},{"taxonomy":"product_tag","embeddable":true,"href":"https:\/\/taste-it.ca\/fr\/wp-json\/wp\/v2\/product_tag?post=44351"}],"curies":[{"name":"wp","href":"https:\/\/api.w.org\/{rel}","templated":true}]}}