{"id":44350,"date":"2025-10-09T09:04:31","date_gmt":"2025-10-09T13:04:31","guid":{"rendered":"https:\/\/taste-it.ca\/boutique\/non%20class\u00e9\/slow-burning-pre-rolled-cones-1-1-4-papers-6-pck-par-zig-zag\/"},"modified":"2025-10-10T08:47:24","modified_gmt":"2025-10-10T12:47:24","slug":"slow-burning-pre-rolled-cones-1-1-4-papers-6-pck-par-zig-zag","status":"publish","type":"product","link":"https:\/\/taste-it.ca\/fr\/product\/slow-burning-pre-rolled-cones-1-1-4-papers-6-pck-par-zig-zag\/","title":{"rendered":"Slow Burning Pre-Rolled Cones 1 1\/4 Papers (6\/PCK) par Zig-Zag"},"content":{"rendered":"<p>Zig-Zag Cones Pr\u00e9-roul\u00e9s \u2013 La solution facile pour fumeurs press\u00e9s. Il suffit de les remplir, de tasser, et c&rsquo;est pr\u00eat. Ces c\u00f4nes sont \u00e9quip\u00e9s d&rsquo;un embout \u00e0 logo et sont pr\u00e9sent\u00e9s dans une bo\u00eete coulissante r\u00e9sistante aux chocs, facile \u00e0 glisser dans une poche.<\/p>\n<p>Fabriqu\u00e9s \u00e0 partir d&rsquo;un m\u00e9lange premium de fibres naturelles, les c\u00f4nes Zig-Zag garantissent une combustion lente et r\u00e9guli\u00e8re, sans tracas. Disponibles en deux versions : Naturel (non blanchi) 1 1\/4 et \u00e0 combustion lente 1 1\/4.<\/p>\n<ul>\n<li>6 c\u00f4nes par paquet<\/li>\n<\/ul>\n","protected":false},"excerpt":{"rendered":"<p>C\u00f4nes pr\u00e9-roul\u00e9s Zig-Zag \u2013 Pr\u00eats \u00e0 remplir, avec embout marqu\u00e9 et bo\u00eete robuste. Combustion lente et r\u00e9guli\u00e8re, sans effort.<\/p>\n","protected":false},"featured_media":43670,"comment_status":"open","ping_status":"closed","template":"","meta":[],"product_brand":[],"product_cat":[2172],"product_tag":[],"class_list":{"0":"post-44350","1":"product","2":"type-product","3":"status-publish","4":"has-post-thumbnail","6":"product_cat-non-categorise","7":"yith_product_brand-zig-zag-fr","9":"first","10":"instock","11":"taxable","12":"shipping-taxable","13":"purchasable","14":"product-type-simple"},"_links":{"self":[{"href":"https:\/\/taste-it.ca\/fr\/wp-json\/wp\/v2\/product\/44350","targetHints":{"allow":["GET"]}}],"collection":[{"href":"https:\/\/taste-it.ca\/fr\/wp-json\/wp\/v2\/product"}],"about":[{"href":"https:\/\/taste-it.ca\/fr\/wp-json\/wp\/v2\/types\/product"}],"replies":[{"embeddable":true,"href":"https:\/\/taste-it.ca\/fr\/wp-json\/wp\/v2\/comments?post=44350"}],"wp:featuredmedia":[{"embeddable":true,"href":"https:\/\/taste-it.ca\/fr\/wp-json\/wp\/v2\/media\/43670"}],"wp:attachment":[{"href":"https:\/\/taste-it.ca\/fr\/wp-json\/wp\/v2\/media?parent=44350"}],"wp:term":[{"taxonomy":"product_brand","embeddable":true,"href":"https:\/\/taste-it.ca\/fr\/wp-json\/wp\/v2\/product_brand?post=44350"},{"taxonomy":"product_cat","embeddable":true,"href":"https:\/\/taste-it.ca\/fr\/wp-json\/wp\/v2\/product_cat?post=44350"},{"taxonomy":"product_tag","embeddable":true,"href":"https:\/\/taste-it.ca\/fr\/wp-json\/wp\/v2\/product_tag?post=44350"}],"curies":[{"name":"wp","href":"https:\/\/api.w.org\/{rel}","templated":true}]}}