{"id":44349,"date":"2025-10-09T09:04:16","date_gmt":"2025-10-09T13:04:16","guid":{"rendered":"https:\/\/taste-it.ca\/boutique\/non%20class\u00e9\/slow-burning-1-1-4-rolling-papers-par-zig-zag\/"},"modified":"2025-10-15T10:54:46","modified_gmt":"2025-10-15T14:54:46","slug":"slow-burning-1-1-4-rolling-papers-par-zig-zag","status":"publish","type":"product","link":"https:\/\/taste-it.ca\/fr\/product\/slow-burning-1-1-4-rolling-papers-par-zig-zag\/","title":{"rendered":"Slow Burning 1 1\/4 Rolling Papers par Zig Zag"},"content":{"rendered":"<p>Zig-Zag 1 1\/4 est un papier \u00e0 rouler l\u00e9gendaire dans le monde du tabac. Facile \u00e0 rouler, il ne n\u00e9cessite pas de colle et br\u00fble lentement. V\u00e9ritable classique, il reste le papier \u00e0 rouler pr\u00e9f\u00e9r\u00e9 de nombreux fumeurs.<\/p>\n<p>Gr\u00e2ce \u00e0 ses diff\u00e9rentes vari\u00e9t\u00e9s \u2013 chanvre, ultra-fin, \u00e0 combustion lente ou enti\u00e8rement naturel (non blanchi) \u2013 vous trouverez certainement le Zig-Zag qui vous convient. Tous les papiers Zig-Zag sont dot\u00e9s d\u2019une fine ligne de colle pour une fermeture parfaite, \u00e0 chaque fois. Issue de la s\u00e8ve de l\u2019acacia d\u2019Afrique, la gomme arabique assure une fermeture uniforme sans alt\u00e9rer le go\u00fbt.<\/p>\n<ul>\n<li>50 feuilles par carnet<\/li>\n<\/ul>\n","protected":false},"excerpt":{"rendered":"<p>Papier \u00e0 rouler Zig-Zag 1 1\/4 \u2013 L\u00e9gendaire, facile \u00e0 rouler sans colle et \u00e0 combustion lente. Un classique, disponible en plusieurs vari\u00e9t\u00e9s, avec une fermeture naturelle \u00e0 la gomme arabique.<\/p>\n","protected":false},"featured_media":43668,"comment_status":"open","ping_status":"closed","template":"","meta":[],"product_brand":[],"product_cat":[2172],"product_tag":[],"class_list":{"0":"post-44349","1":"product","2":"type-product","3":"status-publish","4":"has-post-thumbnail","6":"product_cat-non-categorise","7":"yith_product_brand-zig-zag-fr","9":"first","10":"instock","11":"taxable","12":"shipping-taxable","13":"purchasable","14":"product-type-simple"},"_links":{"self":[{"href":"https:\/\/taste-it.ca\/fr\/wp-json\/wp\/v2\/product\/44349","targetHints":{"allow":["GET"]}}],"collection":[{"href":"https:\/\/taste-it.ca\/fr\/wp-json\/wp\/v2\/product"}],"about":[{"href":"https:\/\/taste-it.ca\/fr\/wp-json\/wp\/v2\/types\/product"}],"replies":[{"embeddable":true,"href":"https:\/\/taste-it.ca\/fr\/wp-json\/wp\/v2\/comments?post=44349"}],"wp:featuredmedia":[{"embeddable":true,"href":"https:\/\/taste-it.ca\/fr\/wp-json\/wp\/v2\/media\/43668"}],"wp:attachment":[{"href":"https:\/\/taste-it.ca\/fr\/wp-json\/wp\/v2\/media?parent=44349"}],"wp:term":[{"taxonomy":"product_brand","embeddable":true,"href":"https:\/\/taste-it.ca\/fr\/wp-json\/wp\/v2\/product_brand?post=44349"},{"taxonomy":"product_cat","embeddable":true,"href":"https:\/\/taste-it.ca\/fr\/wp-json\/wp\/v2\/product_cat?post=44349"},{"taxonomy":"product_tag","embeddable":true,"href":"https:\/\/taste-it.ca\/fr\/wp-json\/wp\/v2\/product_tag?post=44349"}],"curies":[{"name":"wp","href":"https:\/\/api.w.org\/{rel}","templated":true}]}}