{"id":44347,"date":"2025-10-09T09:03:30","date_gmt":"2025-10-09T13:03:30","guid":{"rendered":"https:\/\/taste-it.ca\/boutique\/non%20class\u00e9\/kutcorner-slow-burning-papers-par-zig-zag\/"},"modified":"2025-10-10T08:44:52","modified_gmt":"2025-10-10T12:44:52","slug":"kutcorner-slow-burning-papers-par-zig-zag","status":"publish","type":"product","link":"https:\/\/taste-it.ca\/fr\/product\/kutcorner-slow-burning-papers-par-zig-zag\/","title":{"rendered":"Kutcorner Slow Burning Papers par Zig Zag"},"content":{"rendered":"<p>Zig Zag est une l\u00e9gende dans le monde du tabac. Faciles \u00e0 rouler, sans besoin de colle et \u00e0 combustion lente. Zig Zag est un v\u00e9ritable classique, et le papier \u00e0 rouler parfait pour de nombreux fumeurs.<\/p>\n<p>Avec ses diff\u00e9rentes vari\u00e9t\u00e9s, que ce soit le papier r\u00e9sistant \u00e0 l&rsquo;humidit\u00e9, ultra-fin, \u00e0 coins coup\u00e9s ou \u00e0 combustion lente, vous trouverez le Zig-Zag qui vous convient. Tous les papiers Zig-Zag ont une fine ligne de colle pour assurer une fermeture parfaite &#8211; \u00e0 chaque fois. D\u00e9riv\u00e9e de la s\u00e8ve de l&rsquo;acacia africain, les propri\u00e9t\u00e9s naturelles de la gomme arabique garantissent une fermeture constante sans affecter le go\u00fbt.<\/p>\n<ul>\n<li>100 feuilles par carnet<\/li>\n<\/ul>\n<p>&nbsp;<\/p>\n","protected":false},"excerpt":{"rendered":"<p>Papier \u00e0 rouler Zig Zag \u2013 L\u00e9gendaire et facile \u00e0 utiliser, ne n\u00e9cessite pas de colle et br\u00fble lentement. Un classique intemporel, id\u00e9al pour tous les fumeurs, avec une fermeture naturelle \u00e0 la gomme arabique qui pr\u00e9serve le go\u00fbt.<\/p>\n","protected":false},"featured_media":43524,"comment_status":"open","ping_status":"closed","template":"","meta":[],"product_brand":[],"product_cat":[2172],"product_tag":[],"class_list":{"0":"post-44347","1":"product","2":"type-product","3":"status-publish","4":"has-post-thumbnail","6":"product_cat-non-categorise","7":"yith_product_brand-zig-zag-fr","9":"first","10":"instock","11":"taxable","12":"shipping-taxable","13":"purchasable","14":"product-type-simple"},"_links":{"self":[{"href":"https:\/\/taste-it.ca\/fr\/wp-json\/wp\/v2\/product\/44347","targetHints":{"allow":["GET"]}}],"collection":[{"href":"https:\/\/taste-it.ca\/fr\/wp-json\/wp\/v2\/product"}],"about":[{"href":"https:\/\/taste-it.ca\/fr\/wp-json\/wp\/v2\/types\/product"}],"replies":[{"embeddable":true,"href":"https:\/\/taste-it.ca\/fr\/wp-json\/wp\/v2\/comments?post=44347"}],"wp:featuredmedia":[{"embeddable":true,"href":"https:\/\/taste-it.ca\/fr\/wp-json\/wp\/v2\/media\/43524"}],"wp:attachment":[{"href":"https:\/\/taste-it.ca\/fr\/wp-json\/wp\/v2\/media?parent=44347"}],"wp:term":[{"taxonomy":"product_brand","embeddable":true,"href":"https:\/\/taste-it.ca\/fr\/wp-json\/wp\/v2\/product_brand?post=44347"},{"taxonomy":"product_cat","embeddable":true,"href":"https:\/\/taste-it.ca\/fr\/wp-json\/wp\/v2\/product_cat?post=44347"},{"taxonomy":"product_tag","embeddable":true,"href":"https:\/\/taste-it.ca\/fr\/wp-json\/wp\/v2\/product_tag?post=44347"}],"curies":[{"name":"wp","href":"https:\/\/api.w.org\/{rel}","templated":true}]}}